{"id":1160,"date":"2024-10-19T18:20:10","date_gmt":"2024-10-19T21:20:10","guid":{"rendered":"https:\/\/diamundialdobanheiro.org.br\/?page_id=1160"},"modified":"2024-11-07T23:04:18","modified_gmt":"2024-11-08T02:04:18","slug":"home-3","status":"publish","type":"page","link":"https:\/\/diamundialdobanheiro.org.br\/","title":{"rendered":"Dia Mundial do Banheiro"},"content":{"rendered":"\n\n\t<p><a href=\"https:\/\/www.aguaesaneamento.org.br\/\">INSTITUTO \u00c1GUA E SANEAMENTO<\/a><\/p>\n\t<p>SIGA-NOS:<\/p>\n\t    <header>\n          <a href=\"https:\/\/diamundialdobanheiro.org.br\/home-2024\/\">\n          <\/a>\n          <nav>\n            <a href=\"https:\/\/diamundialdobanheiro.org.br\/home-2024\/\" id=\"link-home\">Home<\/a>\n            <a href=\"https:\/\/diamundialdobanheiro.org.br\/tamanho-do-problema\/\" id=\"link-tamanhodoproblema\">Tamanho do Problema<\/a>\n            <a href=\"https:\/\/diamundialdobanheiro.org.br\/iniciativas-e-solucoes\/\"  id=\"link-iniciativas\">Iniciativas e Solu\u00e7\u00f5es<\/a>\n            <!--<a href=\"https:\/\/diamundialdobanheiro.org.br\/parceiros-e-apoiadores\/\" id=\"link-parceiros\">Parceiros<\/a>-->\n            <a href=\"https:\/\/diamundialdobanheiro.org.br\/sobre-o-dia-mundial-do-banheiro\/\" id=\"link-sobreodmb\">Sobre o DMB<\/a>\n          <\/nav>\n    <\/header>\n\t<p>A garantia de um banheiro seguro e adequado deveria ser um direito de todos. Para muita gente, no Brasil e no mundo, essa n\u00e3o \u00e9 a realidade.<\/p>\n    <h3>Tamanho do problema<\/h3>\n\t<p>Os impactos do d\u00e9ficit de saneamento no pa\u00eds afetam o bem-estar das crian\u00e7as, a sa\u00fade e o meio ambiente. Veja os dados e algumas maneiras de confrontar o problema.<\/p>\n\t\t\t<a href=\"https:\/\/diamundialdobanheiro.org.br\/tamanho-do-problema\/\" target=\"_self\" role=\"button\" rel=\"noopener\">\n\t\t\t\t\t\t\tVer infogr\u00e1fico\n\t\t\t\t\t<\/a>\n    <h3>Iniciativas e solu\u00e7\u00f5es <small>Saneamento tem solu\u00e7\u00e3o<\/small><\/h3>\n\t<p>Existem sa\u00eddas para a falta de acesso. Conhe\u00e7a projetos e iniciativas importantes na webs\u00e9rie &#8220;Saneamento Tem Solu\u00e7\u00e3o&#8221;.<\/p>\n\t\t\t<a href=\"https:\/\/diamundialdobanheiro.org.br\/iniciativas-e-solucoes\/\" target=\"_self\" role=\"button\" rel=\"noopener\">\n\t\t\t\t\t\t\tExplorar Iniciativas e Solu\u00e7\u00f5es\n\t\t\t\t\t<\/a>\n<h3>\n\t\t<strong>Dia Mundial do Banheiro<\/strong> Edi\u00e7\u00e3o 2024\n\t<\/h3>\n<h2>\n\t\tQuanto falta para a<strong>universaliza\u00e7\u00e3o<\/strong>\n\t<\/h2>\n\t<p>O <strong>Dia Mundial do Banheiro<\/strong> \u00e9 uma a\u00e7\u00e3o de conscientiza\u00e7\u00e3o global, promovida pela <strong>ONU<\/strong>, para chamar aten\u00e7\u00e3o para pontos fundamentais de uma agenda de sustentabilidade e direitos humanos.<\/p>\n\t<p>O acesso universal \u00e0 \u00e1gua pot\u00e1vel e saneamento constitui o ODS 6 (Objetivo de Desenvolvimento Sustent\u00e1vel) de um total de 17 objetivos, em compromisso ratificado por todos os pa\u00edses-membros das Na\u00e7\u00f5es Unidas em 2015. Na \u00e9poca, foi estabelecido o ano de 2030 como prazo para o cumprimento desses objetivos.\u00a0\u00a0<\/p>\n\t<h3>ATUA\u00c7\u00c3O IAS<\/h3>\n<p>O IAS promove o Dia Mundial do Banheiro no Brasil desde 2020, junto com diversos parceiros. Nossa miss\u00e3o \u00e9 somar esfor\u00e7os para garantir a universaliza\u00e7\u00e3o do saneamento no pa\u00eds, com destaque para a amplia\u00e7\u00e3o do acesso ao esgotamento sanit\u00e1rio e a garantia de que todas as pessoas tenham acesso a servi\u00e7os adequados, do banheiro \u00e0 coleta de efluentes.\u00a0\u00a0<\/p>\n<p>O mote adotado para a campanha do Dia Mundial do Banheiro esse ano \u00e9 <strong>&#8220;Um Lugar de Paz&#8221;<\/strong>. Ele se insere nessa causa ao destacar a import\u00e2ncia do banheiro ser um lugar seguro e garantido. Infelizmente, indicadores globais e brasileiros mostram que esta \u00e9 uma realidade ainda distante para milh\u00f5es de pessoas.\u00a0<\/p>\n<p>O IAS atua na dissemina\u00e7\u00e3o de solu\u00e7\u00f5es que promovam o acesso \u00e0 \u00e1gua e ao saneamento para todos. Seguimos acreditando que servi\u00e7os universais e de qualidade representam a paz e a seguran\u00e7a para toda a sociedade.<\/p>\n\t\t\t<a href=\"https:\/\/diamundialdobanheiro.org.br\/sobre-o-dia-mundial-do-banheiro\/\" target=\"_self\" role=\"button\" rel=\"noopener\">\n\t\t\t\t\t\t\tSaber mais sobre a data\n\t\t\t\t\t<\/a>\n<h3>\n\t\tRealiza\u00e7\u00e3o\n\t<\/h3>\n\t<a href=\"https:\/\/www.aguaesaneamento.org.br\/\" target=\"_blank\" rel=\"noopener\">\n<\/a>\n<h3>\n\t\tParceiros &#038; Apoiadores\n\t<\/h3>\n\tVeja quem vem somando na realiza\u00e7\u00e3o do Dia Mundial do Banheiro ao longo dos<br \/>\n\u00faltimos cinco anos da data no Brasil.\n  <a href=\"#\" title=\"#\" target=\"_blank\" rel=\"noopener\">\n    <img src=\"\" \/>\n  <\/a>\n  <a href=\"#\" title=\"#\" target=\"_blank\" rel=\"noopener\">\n      <img src=\"\" \/>\n  <\/a>\n  <a href=\"#\" title=\"#\" target=\"_blank\" rel=\"noopener\">\n      <img src=\"\" \/>\n  <\/a>\n  <a href=\"#\" title=\"#\" target=\"_blank\" rel=\"noopener\">\n      <img src=\"\" \/>\n  <\/a>\n  <a href=\"#\" title=\"#\" target=\"_blank\" rel=\"noopener\">\n      <img src=\"\" \/>\n  <\/a>\n  <a href=\"#\" title=\"#\" target=\"_blank\" rel=\"noopener\">\n      <img src=\"\" \/>\n  <\/a>\n<style>\n  .patrocinadores {\n    align-items: stretch;\n    display: flex;\n    max-width: 1106px;\n    margin: 0 auto;\n    gap: 50px;\n  }\n  .patrocinadores * {\n    transform: all .3s;\n  }\n  .patrocinadores .patrocinador {\n    max-height: 142px;\n    max-width: 142px;\n    display: block;\n    transition: all .3s;\n  }\n  .patrocinadores .patrocinador:hover {  \n    transform: scale(1.2);\n  }\n  .patrocinadores .patrocinador img {\n    background-color: white;\n    \/*padding: 10px;*\/\n    box-sizing: border-box;\n    \/* max-width: 100%; *\/\n    \/*max-width: 142px;*\/\n  }\n  @media screen and (max-width: 1023px) {\n    .patrocinadores  {\n      flex-wrap: wrap;\n      gap: 30px;\n      justify-content: center;\n    }\n    .patrocinadores .patrocinador {\n      max-width: 100%;\n      width: calc((100% \/ 3) - 30px);\n    }\n    .patrocinadores .patrocinador img{\n      display: block;\n      margin: 0 auto;\n    }\n  }\n  @media screen and (max-width: 560px) {\n    .patrocinadores {\n      gap: 20px;\n    }\n    .patrocinadores .patrocinador {\n      max-width: 100%;\n      display: flex;\n      align-items: center;\n      justify-content: center;\n      width: calc((100% \/ 2) - 34px);\n      height: 167px;\n    }\n    .patrocinadores .patrocinador img{\n      max-height: 100%;\n      max-width: auto;\n    }\n  }\n  \/* NOVO *\/\n  .patrocinador{\n    height: 136px;\n    width: 160px;\n    position: relative;\n    border-radius: 8px;\n    box-shadow: 0px 4px 4px rgba(0, 0, 0, 0.25);\n    background-color: #FFFAF3;\n    border: 10px solid #ffffff;\n}\n.logo_brand{\n    max-height: 100%;\n    max-width: 85%;\n    width: auto;\n    height: auto;\n    position: absolute;\n    top: 0;\n    bottom: 0;\n    left: 0;\n    right: 0;\n    margin: auto;   \n}\n<\/style>\n\t<button id=\"backToTop\" aria-label=\"Voltar ao topo\">\n    Voltar ao topo\n<\/button>\n\t<a href=\"https:\/\/www.aguaesaneamento.org.br\" id=\"icon_ias-footer\">\n<\/a>\n\t<ul>\n\t\t\t<li>\n\t\t\t<h4>\n\t\t\t\t<a href=\"https:\/\/diamundialdobanheiro.org.br\/home-2024\/\" target=\"_self\" data-hover=\"Home\" rel=\"noopener\">Home<\/a>\n\t\t\t<\/h4>\n\t\t<\/li>\n\t\t\t\t\t<li>\n\t\t\t<h4>\n\t\t\t\t<a href=\"https:\/\/diamundialdobanheiro.org.br\/tamanho-do-problema\" target=\"_self\" data-hover=\"Tamanho do Problema\" rel=\"noopener\">Tamanho do Problema<\/a>\n\t\t\t<\/h4>\n\t\t<\/li>\n\t\t\t\t\t<li>\n\t\t\t<h4>\n\t\t\t\t<a href=\"https:\/\/diamundialdobanheiro.org.br\/iniciativas-e-solucoes\/\" target=\"_self\" data-hover=\"Iniciativas e Solu\u00e7\u00f5es\" rel=\"noopener\">Iniciativas e Solu\u00e7\u00f5es<\/a>\n\t\t\t<\/h4>\n\t\t<\/li>\n\t\t\t\t\t<li>\n\t\t\t<h4>\n\t\t\t\t<a href=\"https:\/\/diamundialdobanheiro.org.br\/sobre-o-dia-mundial-do-banheiro\/\" target=\"_self\" data-hover=\"Sobre o DMB\" rel=\"noopener\">Sobre o DMB<\/a>\n\t\t\t<\/h4>\n\t\t<\/li>\n\t\t\t\t\t<li>\n\t\t\t<h4>\n\t\t\t\t<a href=\"https:\/\/diamundialdobanheiro.org.br\/parceiros-e-apoiadores\/\" target=\"_self\" data-hover=\"\" rel=\"noopener\"><\/a>\n\t\t\t<\/h4>\n\t\t<\/li>\n\t\t\t\t<\/ul>\n\t<p>Outros Sites<\/p>\n\t<ul>\n\t\t\t<li>\n\t\t\t<h4>\n\t\t\t\t<a href=\"https:\/\/www.aguaesaneamento.org.br\/\" target=\"_blank\" rel=\"noopener\" data-hover=\"Instituto \u00c1gua e Saneamento\">Instituto \u00c1gua e Saneamento<\/a>\n\t\t\t<\/h4>\n\t\t<\/li>\n\t\t\t\t\t<li>\n\t\t\t<h4>\n\t\t\t\t<a href=\"https:\/\/marcolegal.aguaesaneamento.org.br\/\" target=\"_blank\" rel=\"noopener\" data-hover=\"Observat\u00f3rio do Marco Legal\">Observat\u00f3rio do Marco Legal<\/a>\n\t\t\t<\/h4>\n\t\t<\/li>\n\t\t\t\t\t<li>\n\t\t\t<h4>\n\t\t\t\t<a href=\"https:\/\/aguaesaneamento.shinyapps.io\/regionalizacao-estados\/\" target=\"_blank\" rel=\"noopener\" data-hover=\"Painel do Marco Legal\">Painel do Marco Legal<\/a>\n\t\t\t<\/h4>\n\t\t<\/li>\n\t\t\t\t\t<li>\n\t\t\t<h4>\n\t\t\t\t<a href=\"https:\/\/www.aguaesaneamento.org.br\/municipios-e-saneamento\/\" target=\"_blank\" rel=\"noopener\" data-hover=\"Munic\u00edpios e Saneamento\">Munic\u00edpios e Saneamento<\/a>\n\t\t\t<\/h4>\n\t\t<\/li>\n\t\t\t\t\t<li>\n\t\t\t<h4>\n\t\t\t\t<a href=\"https:\/\/www.saneamentotemsolucao.org.br\/\" target=\"_blank\" rel=\"noopener\" data-hover=\"Rede Saneamento tem Solu\u00e7\u00e3o\">Rede Saneamento tem Solu\u00e7\u00e3o<\/a>\n\t\t\t<\/h4>\n\t\t<\/li>\n\t\t\t\t<\/ul>\n\t<p>Fale Conosco<\/p>\n\t<ul>\n\t\t\t<li>\n\t\t\t<h4>\n\t\t\t\t<a href=\"mailto:contato@aguaesaneamento.org.br\" target=\"_self\" data-hover=\"contato@aguaesaneamento.org.br\" rel=\"noopener\">contato@aguaesaneamento.org.br<\/a>\n\t\t\t<\/h4>\n\t\t<\/li>\n\t\t\t\t<\/ul>\n\t<a id=\"newsletter_23\" href=\"javascript:;\"  onclick=\"ml_webform_5893883('show')\">\n    Assine a Newsletter do IAS \n<\/a>\n\t<p>\u00a9 IAS 2024 &#8211; Todos os direitos reservados<\/p>\n\t<ul>\n\t\t\t<li>\n\t\t\t<h4>\n\t\t\t\t<a href=\"https:\/\/www.aguaesaneamento.org.br\/politica-de-privacidade\/\" target=\"_self\" data-hover=\"Pol\u00edtica de Privacidade\" rel=\"noopener\">Pol\u00edtica de Privacidade<\/a>\n\t\t\t<\/h4>\n\t\t<\/li>\n\t\t\t\t<\/ul>\n\n<!-- AddThis Advanced Settings generic via filter on the_content --><!-- AddThis Share Buttons generic via filter on the_content -->","protected":false},"excerpt":{"rendered":"<p>INSTITUTO \u00c1GUA E SANEAMENTO SIGA-NOS: Home Tamanho do Problema Iniciativas e Solu\u00e7\u00f5es Sobre o DMB A garantia de um banheiro seguro e adequado deveria ser um direito de todos. Para muita gente, no Brasil e no mundo, essa n\u00e3o \u00e9 a realidade. Tamanho do problema Os impactos do d\u00e9ficit de saneamento no pa\u00eds afetam o&hellip;<!-- AddThis Advanced Settings generic via filter on get_the_excerpt --><!-- AddThis Share Buttons generic via filter on get_the_excerpt --><\/p>\n","protected":false},"author":1,"featured_media":1444,"parent":0,"menu_order":0,"comment_status":"closed","ping_status":"closed","template":"","meta":{"inline_featured_image":false},"acf":[],"yoast_head":"<!-- This site is optimized with the Yoast SEO plugin v17.4 - https:\/\/yoast.com\/wordpress\/plugins\/seo\/ -->\n<title>Dia Mundial do Banheiro Brasil - 5\u00aa edi\u00e7\u00e3o - Um Lugar de Paz<\/title>\n<meta name=\"description\" content=\"O IAS promove o Dia Mundial do Banheiro no Brasil desde 2020. Nossa miss\u00e3o \u00e9 disseminar solu\u00e7\u00f5es que promovam o acesso \u00e0 \u00e1gua e ao saneamento para todos.\" \/>\n<meta name=\"robots\" content=\"index, follow, max-snippet:-1, max-image-preview:large, max-video-preview:-1\" \/>\n<link rel=\"canonical\" href=\"https:\/\/diamundialdobanheiro.org.br\/\" \/>\n<meta name=\"twitter:label1\" content=\"Est. tempo de leitura\" \/>\n\t<meta name=\"twitter:data1\" content=\"2 minutos\" \/>\n<script type=\"application\/ld+json\" class=\"yoast-schema-graph\">{\"@context\":\"https:\/\/schema.org\",\"@graph\":[{\"@type\":\"Organization\",\"@id\":\"https:\/\/diamundialdobanheiro.org.br\/#organization\",\"name\":\"Dia Mundial do Banheiro - Um Lugar de Paz\",\"url\":\"https:\/\/diamundialdobanheiro.org.br\/\",\"sameAs\":[\"https:\/\/www.facebook.com\/aguaesaneamento\/\",\"https:\/\/www.instagram.com\/aguaesaneamento_\/\",\"https:\/\/www.youtube.com\/channel\/UCkgrqEeqVC-kOcAjkkGwdQA\",\"https:\/\/twitter.com\/aguaesaneamento\"],\"logo\":{\"@type\":\"ImageObject\",\"@id\":\"https:\/\/diamundialdobanheiro.org.br\/#logo\",\"inLanguage\":\"pt-BR\",\"url\":\"https:\/\/diamundialdobanheiro.org.br\/wp-content\/uploads\/sites\/4\/2024\/10\/Yoast-default-page-image-1200x675-1.png\",\"contentUrl\":\"https:\/\/diamundialdobanheiro.org.br\/wp-content\/uploads\/sites\/4\/2024\/10\/Yoast-default-page-image-1200x675-1.png\",\"width\":1200,\"height\":675,\"caption\":\"Dia Mundial do Banheiro - Um Lugar de Paz\"},\"image\":{\"@id\":\"https:\/\/diamundialdobanheiro.org.br\/#logo\"}},{\"@type\":\"WebSite\",\"@id\":\"https:\/\/diamundialdobanheiro.org.br\/#website\",\"url\":\"https:\/\/diamundialdobanheiro.org.br\/\",\"name\":\"Dia Mundial do Banheiro - Um Lugar de Paz\",\"description\":\"O IAS promove o Dia Mundial do Banheiro no Brasil desde 2020, junto com diversos parceiros. Nossa miss\\u00e3o \\u00e9 somar esfor\\u00e7os para garantir a universaliza\\u00e7\\u00e3o do saneamento no pa\\u00eds\",\"publisher\":{\"@id\":\"https:\/\/diamundialdobanheiro.org.br\/#organization\"},\"potentialAction\":[{\"@type\":\"SearchAction\",\"target\":{\"@type\":\"EntryPoint\",\"urlTemplate\":\"https:\/\/diamundialdobanheiro.org.br\/?s={search_term_string}\"},\"query-input\":\"required name=search_term_string\"}],\"inLanguage\":\"pt-BR\"},{\"@type\":\"ImageObject\",\"@id\":\"https:\/\/diamundialdobanheiro.org.br\/#primaryimage\",\"inLanguage\":\"pt-BR\",\"url\":\"https:\/\/diamundialdobanheiro.org.br\/wp-content\/uploads\/sites\/4\/2024\/10\/Yoast-default-page-image-1200x675-1.png\",\"contentUrl\":\"https:\/\/diamundialdobanheiro.org.br\/wp-content\/uploads\/sites\/4\/2024\/10\/Yoast-default-page-image-1200x675-1.png\",\"width\":1200,\"height\":675},{\"@type\":\"WebPage\",\"@id\":\"https:\/\/diamundialdobanheiro.org.br\/#webpage\",\"url\":\"https:\/\/diamundialdobanheiro.org.br\/\",\"name\":\"Dia Mundial do Banheiro Brasil - 5\\u00aa edi\\u00e7\\u00e3o - Um Lugar de Paz\",\"isPartOf\":{\"@id\":\"https:\/\/diamundialdobanheiro.org.br\/#website\"},\"primaryImageOfPage\":{\"@id\":\"https:\/\/diamundialdobanheiro.org.br\/#primaryimage\"},\"datePublished\":\"2024-10-19T21:20:10+00:00\",\"dateModified\":\"2024-11-08T02:04:18+00:00\",\"description\":\"O IAS promove o Dia Mundial do Banheiro no Brasil desde 2020. Nossa miss\\u00e3o \\u00e9 disseminar solu\\u00e7\\u00f5es que promovam o acesso \\u00e0 \\u00e1gua e ao saneamento para todos.\",\"breadcrumb\":{\"@id\":\"https:\/\/diamundialdobanheiro.org.br\/#breadcrumb\"},\"inLanguage\":\"pt-BR\",\"potentialAction\":[{\"@type\":\"ReadAction\",\"target\":[\"https:\/\/diamundialdobanheiro.org.br\/\"]}]},{\"@type\":\"BreadcrumbList\",\"@id\":\"https:\/\/diamundialdobanheiro.org.br\/#breadcrumb\",\"itemListElement\":[{\"@type\":\"ListItem\",\"position\":1,\"name\":\"In\\u00edcio\",\"item\":\"https:\/\/diamundialdobanheiro.org.br\/\"},{\"@type\":\"ListItem\",\"position\":2,\"name\":\"Dia Mundial do Banheiro\"}]}]}<\/script>\n<!-- \/ Yoast SEO plugin. -->","yoast_head_json":{"title":"Dia Mundial do Banheiro Brasil - 5\u00aa edi\u00e7\u00e3o - Um Lugar de Paz","description":"O IAS promove o Dia Mundial do Banheiro no Brasil desde 2020. Nossa miss\u00e3o \u00e9 disseminar solu\u00e7\u00f5es que promovam o acesso \u00e0 \u00e1gua e ao saneamento para todos.","robots":{"index":"index","follow":"follow","max-snippet":"max-snippet:-1","max-image-preview":"max-image-preview:large","max-video-preview":"max-video-preview:-1"},"canonical":"https:\/\/diamundialdobanheiro.org.br\/","twitter_misc":{"Est. tempo de leitura":"2 minutos"},"schema":{"@context":"https:\/\/schema.org","@graph":[{"@type":"Organization","@id":"https:\/\/diamundialdobanheiro.org.br\/#organization","name":"Dia Mundial do Banheiro - Um Lugar de Paz","url":"https:\/\/diamundialdobanheiro.org.br\/","sameAs":["https:\/\/www.facebook.com\/aguaesaneamento\/","https:\/\/www.instagram.com\/aguaesaneamento_\/","https:\/\/www.youtube.com\/channel\/UCkgrqEeqVC-kOcAjkkGwdQA","https:\/\/twitter.com\/aguaesaneamento"],"logo":{"@type":"ImageObject","@id":"https:\/\/diamundialdobanheiro.org.br\/#logo","inLanguage":"pt-BR","url":"https:\/\/diamundialdobanheiro.org.br\/wp-content\/uploads\/sites\/4\/2024\/10\/Yoast-default-page-image-1200x675-1.png","contentUrl":"https:\/\/diamundialdobanheiro.org.br\/wp-content\/uploads\/sites\/4\/2024\/10\/Yoast-default-page-image-1200x675-1.png","width":1200,"height":675,"caption":"Dia Mundial do Banheiro - Um Lugar de Paz"},"image":{"@id":"https:\/\/diamundialdobanheiro.org.br\/#logo"}},{"@type":"WebSite","@id":"https:\/\/diamundialdobanheiro.org.br\/#website","url":"https:\/\/diamundialdobanheiro.org.br\/","name":"Dia Mundial do Banheiro - Um Lugar de Paz","description":"O IAS promove o Dia Mundial do Banheiro no Brasil desde 2020, junto com diversos parceiros. Nossa miss\u00e3o \u00e9 somar esfor\u00e7os para garantir a universaliza\u00e7\u00e3o do saneamento no pa\u00eds","publisher":{"@id":"https:\/\/diamundialdobanheiro.org.br\/#organization"},"potentialAction":[{"@type":"SearchAction","target":{"@type":"EntryPoint","urlTemplate":"https:\/\/diamundialdobanheiro.org.br\/?s={search_term_string}"},"query-input":"required name=search_term_string"}],"inLanguage":"pt-BR"},{"@type":"ImageObject","@id":"https:\/\/diamundialdobanheiro.org.br\/#primaryimage","inLanguage":"pt-BR","url":"https:\/\/diamundialdobanheiro.org.br\/wp-content\/uploads\/sites\/4\/2024\/10\/Yoast-default-page-image-1200x675-1.png","contentUrl":"https:\/\/diamundialdobanheiro.org.br\/wp-content\/uploads\/sites\/4\/2024\/10\/Yoast-default-page-image-1200x675-1.png","width":1200,"height":675},{"@type":"WebPage","@id":"https:\/\/diamundialdobanheiro.org.br\/#webpage","url":"https:\/\/diamundialdobanheiro.org.br\/","name":"Dia Mundial do Banheiro Brasil - 5\u00aa edi\u00e7\u00e3o - Um Lugar de Paz","isPartOf":{"@id":"https:\/\/diamundialdobanheiro.org.br\/#website"},"primaryImageOfPage":{"@id":"https:\/\/diamundialdobanheiro.org.br\/#primaryimage"},"datePublished":"2024-10-19T21:20:10+00:00","dateModified":"2024-11-08T02:04:18+00:00","description":"O IAS promove o Dia Mundial do Banheiro no Brasil desde 2020. Nossa miss\u00e3o \u00e9 disseminar solu\u00e7\u00f5es que promovam o acesso \u00e0 \u00e1gua e ao saneamento para todos.","breadcrumb":{"@id":"https:\/\/diamundialdobanheiro.org.br\/#breadcrumb"},"inLanguage":"pt-BR","potentialAction":[{"@type":"ReadAction","target":["https:\/\/diamundialdobanheiro.org.br\/"]}]},{"@type":"BreadcrumbList","@id":"https:\/\/diamundialdobanheiro.org.br\/#breadcrumb","itemListElement":[{"@type":"ListItem","position":1,"name":"In\u00edcio","item":"https:\/\/diamundialdobanheiro.org.br\/"},{"@type":"ListItem","position":2,"name":"Dia Mundial do Banheiro"}]}]}},"_links":{"self":[{"href":"https:\/\/diamundialdobanheiro.org.br\/wp-json\/wp\/v2\/pages\/1160"}],"collection":[{"href":"https:\/\/diamundialdobanheiro.org.br\/wp-json\/wp\/v2\/pages"}],"about":[{"href":"https:\/\/diamundialdobanheiro.org.br\/wp-json\/wp\/v2\/types\/page"}],"author":[{"embeddable":true,"href":"https:\/\/diamundialdobanheiro.org.br\/wp-json\/wp\/v2\/users\/1"}],"replies":[{"embeddable":true,"href":"https:\/\/diamundialdobanheiro.org.br\/wp-json\/wp\/v2\/comments?post=1160"}],"version-history":[{"count":103,"href":"https:\/\/diamundialdobanheiro.org.br\/wp-json\/wp\/v2\/pages\/1160\/revisions"}],"predecessor-version":[{"id":1608,"href":"https:\/\/diamundialdobanheiro.org.br\/wp-json\/wp\/v2\/pages\/1160\/revisions\/1608"}],"wp:featuredmedia":[{"embeddable":true,"href":"https:\/\/diamundialdobanheiro.org.br\/wp-json\/wp\/v2\/media\/1444"}],"wp:attachment":[{"href":"https:\/\/diamundialdobanheiro.org.br\/wp-json\/wp\/v2\/media?parent=1160"}],"curies":[{"name":"wp","href":"https:\/\/api.w.org\/{rel}","templated":true}]}}