{"id":1220,"date":"2024-10-20T20:45:25","date_gmt":"2024-10-20T23:45:25","guid":{"rendered":"https:\/\/diamundialdobanheiro.org.br\/?page_id=1220"},"modified":"2024-11-23T17:10:43","modified_gmt":"2024-11-23T20:10:43","slug":"sobre-o-dia-mundial-do-banheiro","status":"publish","type":"page","link":"https:\/\/diamundialdobanheiro.org.br\/sobre-o-dia-mundial-do-banheiro\/","title":{"rendered":"Sobre o Dia Mundial do Banheiro"},"content":{"rendered":"\r\n<p><a href=\"https:\/\/www.aguaesaneamento.org.br\/\">INSTITUTO \u00c1GUA E SANEAMENTO<\/a><\/p>\r\n<p>SIGA-NOS:<\/p>\r\n<header><nav><a id=\"link-home\" href=\"https:\/\/diamundialdobanheiro.org.br\/home-2024\/\">Home<\/a> <a id=\"link-tamanhodoproblema\" href=\"https:\/\/diamundialdobanheiro.org.br\/tamanho-do-problema\/\">Tamanho do Problema<\/a> <a id=\"link-iniciativas\" href=\"https:\/\/diamundialdobanheiro.org.br\/iniciativas-e-solucoes\/\">Iniciativas e Solu\u00e7\u00f5es<\/a> <!--<a href=\"https:\/\/diamundialdobanheiro.org.br\/parceiros-e-apoiadores\/\" id=\"link-parceiros\">Parceiros<\/a>--> <a id=\"link-sobreodmb\" href=\"https:\/\/diamundialdobanheiro.org.br\/sobre-o-dia-mundial-do-banheiro\/\">Sobre o DMB<\/a><\/nav><\/header>\r\n<h1>SOBRE O Dia mundial <strong>do Banheiro<\/strong><\/h1>\r\n<h2>Uma data para <strong>Conscientiza\u00e7\u00e3o e <br \/>a\u00e7\u00e3o global<\/strong><\/h2>\r\n<p>O Dia Mundial do Banheiro foi criado pela <a href=\"https:\/\/worldtoilet.org\/\">World Toilet Organization<\/a>, de Singapura, em 2001. Em 2013 passou a fazer parte do calend\u00e1rio da <a href=\"https:\/\/www.unwater.org\/\">UN-Water<\/a>, ag\u00eancia das <a href=\"https:\/\/brasil.un.org\/pt-br\">Na\u00e7\u00f5es Unidas<\/a> que coordena os esfor\u00e7os da entidade e de outras organiza\u00e7\u00f5es internacionais nas quest\u00f5es de \u00e1gua e saneamento. O IAS promove a data no Brasil desde 2020, junto com diversos parceiros.<\/p>\r\n<p>A UN-Water sugere temas, materiais e a\u00e7\u00f5es que podem ser desenvolvidas por organismos da sociedade civil e de governos em todo o mundo. O tema proposto para 2024 \u00e9 <strong>&#8220;Toilets &#8211; A Place for Peace&#8221;<\/strong>, que no Brasil se torna <strong>&#8220;Um Lugar de Paz&#8221;<\/strong>.<\/p>\r\n<h3>Junte-se a N\u00f3s Nesta Causa<\/h3>\r\n<p>O IAS convida voc\u00ea a participar desta causa pela universaliza\u00e7\u00e3o dos direitos fundamentais que s\u00e3o o acesso \u00e0 \u00e1gua e ao saneamento. <a href=\"https:\/\/www.un.org\/en\/observances\/toilet-day\">Acesse o site global do World Toilet Day<\/a> para saber mais.<\/p>\r\n<p>&nbsp;<\/p>\r\n<p>Desde 2020, o IAS promove o Dia Mundial do Banheiro no Brasil, junto a diversos parceiros, como parte de seus esfor\u00e7os para sensibilizar a sociedade para a agenda da \u00e1gua e do saneamento no pa\u00eds.<\/p>\r\n<h2><strong>Edi\u00e7\u00f5es<\/strong> Anteriores<\/h2>\r\n<h3>2020: Saneamento tem solu\u00e7\u00e3o<\/h3>\r\n<p><a href=\"https:\/\/diamundialdobanheiro.org.br\/edicao-2020\/\">Acesse a Edi\u00e7\u00e3o 2020<\/a><\/p>\r\n<h3>2021: Saneamento em tempos de crises<\/h3>\r\n<p><a href=\"https:\/\/diamundialdobanheiro.org.br\/edicao-2021\/\">Acesse a Edi\u00e7\u00e3o 2021<\/a><\/p>\r\n<h3>2022: Tornando o invis\u00edvel, vis\u00edvel<\/h3>\r\n<p><a href=\"https:\/\/diamundialdobanheiro.org.br\/edicao-2022\/\">Acesse a Edi\u00e7\u00e3o 2022<\/a><\/p>\r\n<h3>2023: Acelerando a Mudan\u00e7a<\/h3>\r\n<p><a href=\"https:\/\/diamundialdobanheiro.org.br\/edicao-2023\/\">Acesse a Edi\u00e7\u00e3o 2023<\/a><\/p>\r\n<p>&nbsp;<\/p>\r\n<p><a role=\"button\" href=\"https:\/\/diamundialdobanheiro.org.br\/tamanho-do-problema\/\" target=\"_self\" rel=\"noopener\"> Ver Tamanho do Problema <\/a> <a role=\"button\" href=\"https:\/\/diamundialdobanheiro.org.br\/iniciativas-e-solucoes\/\" target=\"_self\" rel=\"noopener\"> Explorar Iniciativas e Solu\u00e7\u00f5es <\/a> <button id=\"backToTop2\" aria-label=\"Voltar ao topo\"> Voltar ao topo <\/button><\/p>\r\n<h3>Realiza\u00e7\u00e3o<\/h3>\r\n<h3>Parceiros &amp; Apoiadores<\/h3>\r\n<p>Veja quem vem somando na realiza\u00e7\u00e3o do Dia Mundial do Banheiro ao longo dos<br \/>\u00faltimos cinco anos da data no Brasil. <a title=\"#\" href=\"#\" target=\"_blank\" rel=\"noopener\"> <img \/> <\/a> <a title=\"#\" href=\"#\" target=\"_blank\" rel=\"noopener\"> <img \/> <\/a> <a title=\"#\" href=\"#\" target=\"_blank\" rel=\"noopener\"> <img \/> <\/a> <a title=\"#\" href=\"#\" target=\"_blank\" rel=\"noopener\"> <img \/> <\/a> <a title=\"#\" href=\"#\" target=\"_blank\" rel=\"noopener\"> <img \/> <\/a> <a title=\"#\" href=\"#\" target=\"_blank\" rel=\"noopener\"> <img \/> <\/a> <style>\r\n  .patrocinadores {\r\n    align-items: stretch;\r\n    display: flex;\r\n    max-width: 1106px;\r\n    margin: 0 auto;\r\n    gap: 50px;\r\n  }\r\n  .patrocinadores * {\r\n    transform: all .3s;\r\n  }\r\n  .patrocinadores .patrocinador {\r\n    max-height: 142px;\r\n    max-width: 142px;\r\n    display: block;\r\n    transition: all .3s;\r\n  }\r\n  .patrocinadores .patrocinador:hover {  \r\n    transform: scale(1.2);\r\n  }\r\n  .patrocinadores .patrocinador img {\r\n    background-color: white;\r\n    \/*padding: 10px;*\/\r\n    box-sizing: border-box;\r\n    \/* max-width: 100%; *\/\r\n    \/*max-width: 142px;*\/\r\n  }\r\n  @media screen and (max-width: 1023px) {\r\n    .patrocinadores  {\r\n      flex-wrap: wrap;\r\n      gap: 30px;\r\n      justify-content: center;\r\n    }\r\n    .patrocinadores .patrocinador {\r\n      max-width: 100%;\r\n      width: calc((100% \/ 3) - 30px);\r\n    }\r\n    .patrocinadores .patrocinador img{\r\n      display: block;\r\n      margin: 0 auto;\r\n    }\r\n  }\r\n  @media screen and (max-width: 560px) {\r\n    .patrocinadores {\r\n      gap: 20px;\r\n    }\r\n    .patrocinadores .patrocinador {\r\n      max-width: 100%;\r\n      display: flex;\r\n      align-items: center;\r\n      justify-content: center;\r\n      width: calc((100% \/ 2) - 34px);\r\n      height: 167px;\r\n    }\r\n    .patrocinadores .patrocinador img{\r\n      max-height: 100%;\r\n      max-width: auto;\r\n    }\r\n  }\r\n  \/* NOVO *\/\r\n  .patrocinador{\r\n    height: 136px;\r\n    width: 160px;\r\n    position: relative;\r\n    border-radius: 8px;\r\n    box-shadow: 0px 4px 4px rgba(0, 0, 0, 0.25);\r\n    background-color: #FFFAF3;\r\n    border: 10px solid #ffffff;\r\n}\r\n.logo_brand{\r\n    max-height: 100%;\r\n    max-width: 85%;\r\n    width: auto;\r\n    height: auto;\r\n    position: absolute;\r\n    top: 0;\r\n    bottom: 0;\r\n    left: 0;\r\n    right: 0;\r\n    margin: auto;   \r\n}\r\n<\/style> <button id=\"backToTop\" aria-label=\"Voltar ao topo\"> Voltar ao topo <\/button> <a id=\"icon_ias-footer\" href=\"https:\/\/www.aguaesaneamento.org.br\"> <\/a><\/p>\r\n<ul>\r\n<li>\r\n<h4><a href=\"https:\/\/diamundialdobanheiro.org.br\/home-2024\/\" target=\"_self\" rel=\"noopener\" data-hover=\"Home\">Home<\/a><\/h4>\r\n<\/li>\r\n<li>\r\n<h4><a href=\"https:\/\/diamundialdobanheiro.org.br\/tamanho-do-problema\" target=\"_self\" rel=\"noopener\" data-hover=\"Tamanho do Problema\">Tamanho do Problema<\/a><\/h4>\r\n<\/li>\r\n<li>\r\n<h4><a href=\"https:\/\/diamundialdobanheiro.org.br\/iniciativas-e-solucoes\/\" target=\"_self\" rel=\"noopener\" data-hover=\"Iniciativas e Solu\u00e7\u00f5es\">Iniciativas e Solu\u00e7\u00f5es<\/a><\/h4>\r\n<\/li>\r\n<li>\r\n<h4><a href=\"https:\/\/diamundialdobanheiro.org.br\/sobre-o-dia-mundial-do-banheiro\/\" target=\"_self\" rel=\"noopener\" data-hover=\"Sobre o DMB\">Sobre o DMB<\/a><\/h4>\r\n<\/li>\r\n<li>\r\n<h4>\u00a0<\/h4>\r\n<\/li>\r\n<\/ul>\r\n<p>Outros Sites<\/p>\r\n<ul>\r\n<li>\r\n<h4><a href=\"https:\/\/www.aguaesaneamento.org.br\/\" target=\"_blank\" rel=\"noopener\" data-hover=\"Instituto \u00c1gua e Saneamento\">Instituto \u00c1gua e Saneamento<\/a><\/h4>\r\n<\/li>\r\n<li>\r\n<h4><a href=\"https:\/\/marcolegal.aguaesaneamento.org.br\/\" target=\"_blank\" rel=\"noopener\" data-hover=\"Observat\u00f3rio do Marco Legal\">Observat\u00f3rio do Marco Legal<\/a><\/h4>\r\n<\/li>\r\n<li>\r\n<h4><a href=\"https:\/\/aguaesaneamento.shinyapps.io\/regionalizacao-estados\/\" target=\"_blank\" rel=\"noopener\" data-hover=\"Painel do Marco Legal\">Painel do Marco Legal<\/a><\/h4>\r\n<\/li>\r\n<li>\r\n<h4><a href=\"https:\/\/www.aguaesaneamento.org.br\/municipios-e-saneamento\/\" target=\"_blank\" rel=\"noopener\" data-hover=\"Munic\u00edpios e Saneamento\">Munic\u00edpios e Saneamento<\/a><\/h4>\r\n<\/li>\r\n<li>\r\n<h4><a href=\"https:\/\/www.saneamentotemsolucao.org.br\/\" target=\"_blank\" rel=\"noopener\" data-hover=\"Rede Saneamento tem Solu\u00e7\u00e3o\">Rede Saneamento tem Solu\u00e7\u00e3o<\/a><\/h4>\r\n<\/li>\r\n<\/ul>\r\n<p>Fale Conosco<\/p>\r\n<ul>\r\n<li>\r\n<h4><a href=\"mailto:contato@aguaesaneamento.org.br\" target=\"_self\" rel=\"noopener\" data-hover=\"contato@aguaesaneamento.org.br\">contato@aguaesaneamento.org.br<\/a><\/h4>\r\n<\/li>\r\n<\/ul>\r\n<p><a id=\"newsletter_23\"><\/a> Assine a Newsletter do IAS<\/p>\r\n<p>\u00a9 IAS 2024 &#8211; Todos os direitos reservados<\/p>\r\n<ul>\r\n<li>\r\n<h4><a href=\"https:\/\/www.aguaesaneamento.org.br\/politica-de-privacidade\/\" target=\"_self\" rel=\"noopener\" data-hover=\"Pol\u00edtica de Privacidade\">Pol\u00edtica de Privacidade<\/a><\/h4>\r\n<\/li>\r\n<\/ul>\r\n<!-- AddThis Advanced Settings generic via filter on the_content --><!-- AddThis Share Buttons generic via filter on the_content -->","protected":false},"excerpt":{"rendered":"<p>INSTITUTO \u00c1GUA E SANEAMENTO SIGA-NOS: Home Tamanho do Problema Iniciativas e Solu\u00e7\u00f5es Sobre o DMB SOBRE O Dia mundial do Banheiro Uma data para Conscientiza\u00e7\u00e3o e a\u00e7\u00e3o global O Dia Mundial do Banheiro foi criado pela World Toilet Organization, de Singapura, em 2001. Em 2013 passou a fazer parte do calend\u00e1rio da UN-Water, ag\u00eancia das&hellip;<!-- AddThis Advanced Settings generic via filter on get_the_excerpt --><!-- AddThis Share Buttons generic via filter on get_the_excerpt --><\/p>\n","protected":false},"author":1,"featured_media":1444,"parent":0,"menu_order":0,"comment_status":"closed","ping_status":"closed","template":"","meta":{"inline_featured_image":false},"acf":[],"yoast_head":"<!-- This site is optimized with the Yoast SEO plugin v17.4 - https:\/\/yoast.com\/wordpress\/plugins\/seo\/ -->\n<title>Sobre o DMB | Dia Mundial do Banheiro - Um Lugar de Paz<\/title>\n<meta name=\"description\" content=\"O Dia Mundial do Banheiro \u00e9 uma iniciativa do World Toilet Organization e passou a fazer parte UN-Water, ag\u00eancia da ONU em 2013. Saiba mais sobre a data!\" \/>\n<meta name=\"robots\" content=\"index, follow, max-snippet:-1, max-image-preview:large, max-video-preview:-1\" \/>\n<link rel=\"canonical\" href=\"https:\/\/diamundialdobanheiro.org.br\/sobre-o-dia-mundial-do-banheiro\/\" \/>\n<meta name=\"twitter:label1\" content=\"Est. tempo de leitura\" \/>\n\t<meta name=\"twitter:data1\" content=\"2 minutos\" \/>\n<script type=\"application\/ld+json\" class=\"yoast-schema-graph\">{\"@context\":\"https:\/\/schema.org\",\"@graph\":[{\"@type\":\"Organization\",\"@id\":\"https:\/\/diamundialdobanheiro.org.br\/#organization\",\"name\":\"Dia Mundial do Banheiro - Um Lugar de Paz\",\"url\":\"https:\/\/diamundialdobanheiro.org.br\/\",\"sameAs\":[\"https:\/\/www.facebook.com\/aguaesaneamento\/\",\"https:\/\/www.instagram.com\/aguaesaneamento_\/\",\"https:\/\/www.youtube.com\/channel\/UCkgrqEeqVC-kOcAjkkGwdQA\",\"https:\/\/twitter.com\/aguaesaneamento\"],\"logo\":{\"@type\":\"ImageObject\",\"@id\":\"https:\/\/diamundialdobanheiro.org.br\/#logo\",\"inLanguage\":\"pt-BR\",\"url\":\"https:\/\/diamundialdobanheiro.org.br\/wp-content\/uploads\/sites\/4\/2024\/10\/Yoast-default-page-image-1200x675-1.png\",\"contentUrl\":\"https:\/\/diamundialdobanheiro.org.br\/wp-content\/uploads\/sites\/4\/2024\/10\/Yoast-default-page-image-1200x675-1.png\",\"width\":1200,\"height\":675,\"caption\":\"Dia Mundial do Banheiro - Um Lugar de Paz\"},\"image\":{\"@id\":\"https:\/\/diamundialdobanheiro.org.br\/#logo\"}},{\"@type\":\"WebSite\",\"@id\":\"https:\/\/diamundialdobanheiro.org.br\/#website\",\"url\":\"https:\/\/diamundialdobanheiro.org.br\/\",\"name\":\"Dia Mundial do Banheiro - Um Lugar de Paz\",\"description\":\"O IAS promove o Dia Mundial do Banheiro no Brasil desde 2020, junto com diversos parceiros. Nossa miss\\u00e3o \\u00e9 somar esfor\\u00e7os para garantir a universaliza\\u00e7\\u00e3o do saneamento no pa\\u00eds\",\"publisher\":{\"@id\":\"https:\/\/diamundialdobanheiro.org.br\/#organization\"},\"potentialAction\":[{\"@type\":\"SearchAction\",\"target\":{\"@type\":\"EntryPoint\",\"urlTemplate\":\"https:\/\/diamundialdobanheiro.org.br\/?s={search_term_string}\"},\"query-input\":\"required name=search_term_string\"}],\"inLanguage\":\"pt-BR\"},{\"@type\":\"ImageObject\",\"@id\":\"https:\/\/diamundialdobanheiro.org.br\/sobre-o-dia-mundial-do-banheiro\/#primaryimage\",\"inLanguage\":\"pt-BR\",\"url\":\"https:\/\/diamundialdobanheiro.org.br\/wp-content\/uploads\/sites\/4\/2024\/10\/Yoast-default-page-image-1200x675-1.png\",\"contentUrl\":\"https:\/\/diamundialdobanheiro.org.br\/wp-content\/uploads\/sites\/4\/2024\/10\/Yoast-default-page-image-1200x675-1.png\",\"width\":1200,\"height\":675},{\"@type\":\"WebPage\",\"@id\":\"https:\/\/diamundialdobanheiro.org.br\/sobre-o-dia-mundial-do-banheiro\/#webpage\",\"url\":\"https:\/\/diamundialdobanheiro.org.br\/sobre-o-dia-mundial-do-banheiro\/\",\"name\":\"Sobre o DMB | Dia Mundial do Banheiro - Um Lugar de Paz\",\"isPartOf\":{\"@id\":\"https:\/\/diamundialdobanheiro.org.br\/#website\"},\"primaryImageOfPage\":{\"@id\":\"https:\/\/diamundialdobanheiro.org.br\/sobre-o-dia-mundial-do-banheiro\/#primaryimage\"},\"datePublished\":\"2024-10-20T23:45:25+00:00\",\"dateModified\":\"2024-11-23T20:10:43+00:00\",\"description\":\"O Dia Mundial do Banheiro \\u00e9 uma iniciativa do World Toilet Organization e passou a fazer parte UN-Water, ag\\u00eancia da ONU em 2013. Saiba mais sobre a data!\",\"breadcrumb\":{\"@id\":\"https:\/\/diamundialdobanheiro.org.br\/sobre-o-dia-mundial-do-banheiro\/#breadcrumb\"},\"inLanguage\":\"pt-BR\",\"potentialAction\":[{\"@type\":\"ReadAction\",\"target\":[\"https:\/\/diamundialdobanheiro.org.br\/sobre-o-dia-mundial-do-banheiro\/\"]}]},{\"@type\":\"BreadcrumbList\",\"@id\":\"https:\/\/diamundialdobanheiro.org.br\/sobre-o-dia-mundial-do-banheiro\/#breadcrumb\",\"itemListElement\":[{\"@type\":\"ListItem\",\"position\":1,\"name\":\"In\\u00edcio\",\"item\":\"https:\/\/diamundialdobanheiro.org.br\/\"},{\"@type\":\"ListItem\",\"position\":2,\"name\":\"Sobre o Dia Mundial do Banheiro\"}]}]}<\/script>\n<!-- \/ Yoast SEO plugin. -->","yoast_head_json":{"title":"Sobre o DMB | Dia Mundial do Banheiro - Um Lugar de Paz","description":"O Dia Mundial do Banheiro \u00e9 uma iniciativa do World Toilet Organization e passou a fazer parte UN-Water, ag\u00eancia da ONU em 2013. Saiba mais sobre a data!","robots":{"index":"index","follow":"follow","max-snippet":"max-snippet:-1","max-image-preview":"max-image-preview:large","max-video-preview":"max-video-preview:-1"},"canonical":"https:\/\/diamundialdobanheiro.org.br\/sobre-o-dia-mundial-do-banheiro\/","twitter_misc":{"Est. tempo de leitura":"2 minutos"},"schema":{"@context":"https:\/\/schema.org","@graph":[{"@type":"Organization","@id":"https:\/\/diamundialdobanheiro.org.br\/#organization","name":"Dia Mundial do Banheiro - Um Lugar de Paz","url":"https:\/\/diamundialdobanheiro.org.br\/","sameAs":["https:\/\/www.facebook.com\/aguaesaneamento\/","https:\/\/www.instagram.com\/aguaesaneamento_\/","https:\/\/www.youtube.com\/channel\/UCkgrqEeqVC-kOcAjkkGwdQA","https:\/\/twitter.com\/aguaesaneamento"],"logo":{"@type":"ImageObject","@id":"https:\/\/diamundialdobanheiro.org.br\/#logo","inLanguage":"pt-BR","url":"https:\/\/diamundialdobanheiro.org.br\/wp-content\/uploads\/sites\/4\/2024\/10\/Yoast-default-page-image-1200x675-1.png","contentUrl":"https:\/\/diamundialdobanheiro.org.br\/wp-content\/uploads\/sites\/4\/2024\/10\/Yoast-default-page-image-1200x675-1.png","width":1200,"height":675,"caption":"Dia Mundial do Banheiro - Um Lugar de Paz"},"image":{"@id":"https:\/\/diamundialdobanheiro.org.br\/#logo"}},{"@type":"WebSite","@id":"https:\/\/diamundialdobanheiro.org.br\/#website","url":"https:\/\/diamundialdobanheiro.org.br\/","name":"Dia Mundial do Banheiro - Um Lugar de Paz","description":"O IAS promove o Dia Mundial do Banheiro no Brasil desde 2020, junto com diversos parceiros. Nossa miss\u00e3o \u00e9 somar esfor\u00e7os para garantir a universaliza\u00e7\u00e3o do saneamento no pa\u00eds","publisher":{"@id":"https:\/\/diamundialdobanheiro.org.br\/#organization"},"potentialAction":[{"@type":"SearchAction","target":{"@type":"EntryPoint","urlTemplate":"https:\/\/diamundialdobanheiro.org.br\/?s={search_term_string}"},"query-input":"required name=search_term_string"}],"inLanguage":"pt-BR"},{"@type":"ImageObject","@id":"https:\/\/diamundialdobanheiro.org.br\/sobre-o-dia-mundial-do-banheiro\/#primaryimage","inLanguage":"pt-BR","url":"https:\/\/diamundialdobanheiro.org.br\/wp-content\/uploads\/sites\/4\/2024\/10\/Yoast-default-page-image-1200x675-1.png","contentUrl":"https:\/\/diamundialdobanheiro.org.br\/wp-content\/uploads\/sites\/4\/2024\/10\/Yoast-default-page-image-1200x675-1.png","width":1200,"height":675},{"@type":"WebPage","@id":"https:\/\/diamundialdobanheiro.org.br\/sobre-o-dia-mundial-do-banheiro\/#webpage","url":"https:\/\/diamundialdobanheiro.org.br\/sobre-o-dia-mundial-do-banheiro\/","name":"Sobre o DMB | Dia Mundial do Banheiro - Um Lugar de Paz","isPartOf":{"@id":"https:\/\/diamundialdobanheiro.org.br\/#website"},"primaryImageOfPage":{"@id":"https:\/\/diamundialdobanheiro.org.br\/sobre-o-dia-mundial-do-banheiro\/#primaryimage"},"datePublished":"2024-10-20T23:45:25+00:00","dateModified":"2024-11-23T20:10:43+00:00","description":"O Dia Mundial do Banheiro \u00e9 uma iniciativa do World Toilet Organization e passou a fazer parte UN-Water, ag\u00eancia da ONU em 2013. Saiba mais sobre a data!","breadcrumb":{"@id":"https:\/\/diamundialdobanheiro.org.br\/sobre-o-dia-mundial-do-banheiro\/#breadcrumb"},"inLanguage":"pt-BR","potentialAction":[{"@type":"ReadAction","target":["https:\/\/diamundialdobanheiro.org.br\/sobre-o-dia-mundial-do-banheiro\/"]}]},{"@type":"BreadcrumbList","@id":"https:\/\/diamundialdobanheiro.org.br\/sobre-o-dia-mundial-do-banheiro\/#breadcrumb","itemListElement":[{"@type":"ListItem","position":1,"name":"In\u00edcio","item":"https:\/\/diamundialdobanheiro.org.br\/"},{"@type":"ListItem","position":2,"name":"Sobre o Dia Mundial do Banheiro"}]}]}},"_links":{"self":[{"href":"https:\/\/diamundialdobanheiro.org.br\/wp-json\/wp\/v2\/pages\/1220"}],"collection":[{"href":"https:\/\/diamundialdobanheiro.org.br\/wp-json\/wp\/v2\/pages"}],"about":[{"href":"https:\/\/diamundialdobanheiro.org.br\/wp-json\/wp\/v2\/types\/page"}],"author":[{"embeddable":true,"href":"https:\/\/diamundialdobanheiro.org.br\/wp-json\/wp\/v2\/users\/1"}],"replies":[{"embeddable":true,"href":"https:\/\/diamundialdobanheiro.org.br\/wp-json\/wp\/v2\/comments?post=1220"}],"version-history":[{"count":40,"href":"https:\/\/diamundialdobanheiro.org.br\/wp-json\/wp\/v2\/pages\/1220\/revisions"}],"predecessor-version":[{"id":1639,"href":"https:\/\/diamundialdobanheiro.org.br\/wp-json\/wp\/v2\/pages\/1220\/revisions\/1639"}],"wp:featuredmedia":[{"embeddable":true,"href":"https:\/\/diamundialdobanheiro.org.br\/wp-json\/wp\/v2\/media\/1444"}],"wp:attachment":[{"href":"https:\/\/diamundialdobanheiro.org.br\/wp-json\/wp\/v2\/media?parent=1220"}],"curies":[{"name":"wp","href":"https:\/\/api.w.org\/{rel}","templated":true}]}}