{"id":1238,"date":"2024-10-21T12:47:03","date_gmt":"2024-10-21T15:47:03","guid":{"rendered":"https:\/\/diamundialdobanheiro.org.br\/?page_id=1238"},"modified":"2024-11-08T13:57:57","modified_gmt":"2024-11-08T16:57:57","slug":"parceiros-e-apoiadores","status":"publish","type":"page","link":"https:\/\/diamundialdobanheiro.org.br\/parceiros-e-apoiadores\/","title":{"rendered":"Parceiros e Apoiadores"},"content":{"rendered":"\n\n\t<p><a href=\"https:\/\/www.aguaesaneamento.org.br\/\">INSTITUTO \u00c1GUA E SANEAMENTO<\/a><\/p>\n\t<p>SIGA-NOS:<\/p>\n\t    <header>\n          <a href=\"https:\/\/diamundialdobanheiro.org.br\/\">\n          <\/a>\n          <nav>\n            <a href=\"https:\/\/diamundialdobanheiro.org.br\/\" id=\"link-home\">Home<\/a>\n            <a href=\"https:\/\/diamundialdobanheiro.org.br\/tamanho-do-problema\/\" id=\"link-tamanhodoproblema\">Tamanho do Problema<\/a>\n            <a href=\"https:\/\/diamundialdobanheiro.org.br\/iniciativas-e-solucoes\/\"  id=\"link-iniciativas\">Iniciativas e Solu\u00e7\u00f5es<\/a>\n            <!--<a href=\"https:\/\/diamundialdobanheiro.org.br\/parceiros-e-apoiadores\/\" id=\"link-parceiros\">Parceiros<\/a>-->\n            <a href=\"https:\/\/diamundialdobanheiro.org.br\/sobre-o-dia-mundial-do-banheiro\/\" id=\"link-sobreodmb\">Sobre o DMB<\/a>\n          <\/nav>\n    <\/header>\n<h1>\n\t\tParceiros E apoiadores\n\t<\/h1>\n\t  <style>\n    .parceirosx {\n      max-width: 1110px;\n      margin: 0 auto;\n      display: grid;\n      grid-template-columns: repeat(4, minmax(225px, 1fr));\n      \/*grid-template-columns: repeat(4, 1fr);*\/\n      row-gap: 80px;\n      column-gap: 68px;\n    }\n    .patrocinador {\n        max-width: 225px;\n        .patrocinador-image {\n          background-color: #fffaf3;\n          border: 10px solid #ffffff;\n          text-align: center;\n          border-radius: 8px;\n          box-shadow: 0px 4px 4px rgba(0, 0, 0, 0.25);\n          transition: transform 0.3s ease;\n          max-height: 225px;\n          height: 100%;\n          display: flex;\n          align-items: center;\n          justify-content: center;\n        }\n        img {\n            max-height: 100%;\n        }\n        strong {\n            text-align: center;\n            font-weight: 700;\n            font-size: 14px;\n            text-transform: uppercase;\n            margin-block: 20px;\n            color: #E65117;\n            display: block;\n        }\n        .patrocinador-links {\n          display: flex;\n          gap: 17px;\n          justify-content: center;\n          margin-top: 10px;\n          a:hover {\n            transform: scale(1.05);\n          }\n        }\n    }\n    .logo_brand_full {\n      \/*max-width: 85%;*\/\n      height: auto;\n      \/*margin-bottom: 15px;*\/\n    }\n    @media screen and (max-width: 992px) {\n      .parceirosx {\n        grid-template-columns: repeat(auto-fit, minmax(150px, 1fr));\n        gap: 20px;\n        row-gap: 40px;\n        padding-inline: 20px;\n        margin-bottom: 100px;\n      }\n      .patrocinador-image {\n          max-height: 182px!important;\n          img {\n             \/*padding: 10px;*\/\n          }\n      }\n    }\n  <\/style>\n<h3>\n\t\tRealiza\u00e7\u00e3o\n\t<\/h3>\n\t\t\t<a href=\"https:\/\/diamundialdobanheiro.org.br\/tamanho-do-problema\/\" target=\"_self\" role=\"button\" rel=\"noopener\">\n\t\t\t\t\t\t\tVer Tamanho do Problema\n\t\t\t\t\t<\/a>\n\t\t\t<a href=\"https:\/\/diamundialdobanheiro.org.br\/iniciativas-e-solucoes\/\" target=\"_self\" role=\"button\" rel=\"noopener\">\n\t\t\t\t\t\t\tExplorar Iniciativas e Solu\u00e7\u00f5es\n\t\t\t\t\t<\/a>\n\t<button id=\"backToTop2\" aria-label=\"Voltar ao topo\">\n    Voltar ao topo\n<\/button>\n\t<a href=\"https:\/\/www.aguaesaneamento.org.br\" id=\"icon_ias-footer\">\n<\/a>\n\t<ul>\n\t\t\t<li>\n\t\t\t<h4>\n\t\t\t\t<a href=\"https:\/\/diamundialdobanheiro.org.br\/\" target=\"_self\" data-hover=\"Home\" rel=\"noopener\">Home<\/a>\n\t\t\t<\/h4>\n\t\t<\/li>\n\t\t\t\t\t<li>\n\t\t\t<h4>\n\t\t\t\t<a href=\"https:\/\/diamundialdobanheiro.org.br\/tamanho-do-problema\" target=\"_self\" data-hover=\"Tamanho do Problema\" rel=\"noopener\">Tamanho do Problema<\/a>\n\t\t\t<\/h4>\n\t\t<\/li>\n\t\t\t\t\t<li>\n\t\t\t<h4>\n\t\t\t\t<a href=\"https:\/\/diamundialdobanheiro.org.br\/iniciativas-e-solucoes\/\" target=\"_self\" data-hover=\"Iniciativas e Solu\u00e7\u00f5es\" rel=\"noopener\">Iniciativas e Solu\u00e7\u00f5es<\/a>\n\t\t\t<\/h4>\n\t\t<\/li>\n\t\t\t\t\t<li>\n\t\t\t<h4>\n\t\t\t\t<a href=\"https:\/\/diamundialdobanheiro.org.br\/sobre-o-dia-mundial-do-banheiro\/\" target=\"_self\" data-hover=\"Sobre o DMB\" rel=\"noopener\">Sobre o DMB<\/a>\n\t\t\t<\/h4>\n\t\t<\/li>\n\t\t\t\t\t<li>\n\t\t\t<h4>\n\t\t\t\t<a href=\"https:\/\/diamundialdobanheiro.org.br\/parceiros-e-apoiadores\/\" target=\"_self\" data-hover=\"Parceiros e Apoiadores\" rel=\"noopener\">Parceiros e Apoiadores<\/a>\n\t\t\t<\/h4>\n\t\t<\/li>\n\t\t\t\t<\/ul>\n\t<p>Outros Sites<\/p>\n\t<ul>\n\t\t\t<li>\n\t\t\t<h4>\n\t\t\t\t<a href=\"https:\/\/www.aguaesaneamento.org.br\/\" target=\"_blank\" rel=\"noopener\" data-hover=\"Instituto \u00c1gua e Saneamento\">Instituto \u00c1gua e Saneamento<\/a>\n\t\t\t<\/h4>\n\t\t<\/li>\n\t\t\t\t\t<li>\n\t\t\t<h4>\n\t\t\t\t<a href=\"https:\/\/marcolegal.aguaesaneamento.org.br\/\" target=\"_blank\" rel=\"noopener\" data-hover=\"Observat\u00f3rio do Marco Legal\">Observat\u00f3rio do Marco Legal<\/a>\n\t\t\t<\/h4>\n\t\t<\/li>\n\t\t\t\t\t<li>\n\t\t\t<h4>\n\t\t\t\t<a href=\"https:\/\/aguaesaneamento.shinyapps.io\/regionalizacao-estados\/\" target=\"_blank\" rel=\"noopener\" data-hover=\"Painel do Marco Legal\">Painel do Marco Legal<\/a>\n\t\t\t<\/h4>\n\t\t<\/li>\n\t\t\t\t\t<li>\n\t\t\t<h4>\n\t\t\t\t<a href=\"https:\/\/www.aguaesaneamento.org.br\/municipios-e-saneamento\/\" target=\"_blank\" rel=\"noopener\" data-hover=\"Munic\u00edpios e Saneamento\">Munic\u00edpios e Saneamento<\/a>\n\t\t\t<\/h4>\n\t\t<\/li>\n\t\t\t\t\t<li>\n\t\t\t<h4>\n\t\t\t\t<a href=\"https:\/\/www.saneamentotemsolucao.org.br\/\" target=\"_blank\" rel=\"noopener\" data-hover=\"Rede Saneamento tem Solu\u00e7\u00e3o\">Rede Saneamento tem Solu\u00e7\u00e3o<\/a>\n\t\t\t<\/h4>\n\t\t<\/li>\n\t\t\t\t<\/ul>\n\t<p>Fale Conosco<\/p>\n\t<ul>\n\t\t\t<li>\n\t\t\t<h4>\n\t\t\t\t<a href=\"mailto:contato@aguaesaneamento.org.br\" target=\"_self\" data-hover=\"contato@aguaesaneamento.org.br\" rel=\"noopener\">contato@aguaesaneamento.org.br<\/a>\n\t\t\t<\/h4>\n\t\t<\/li>\n\t\t\t\t<\/ul>\n\t<a id=\"newsletter_23\" href=\"javascript:;\"  onclick=\"ml_webform_5893883('show')\">\n    Assine a Newsletter do IAS \n<\/a>\n\t<p>\u00a9 IAS 2024 &#8211; Todos os direitos reservados<\/p>\n\t<ul>\n\t\t\t<li>\n\t\t\t<h4>\n\t\t\t\t<a href=\"https:\/\/www.aguaesaneamento.org.br\/politica-de-privacidade\/\" target=\"_self\" data-hover=\"Pol\u00edtica de Privacidade\" rel=\"noopener\">Pol\u00edtica de Privacidade<\/a>\n\t\t\t<\/h4>\n\t\t<\/li>\n\t\t\t\t<\/ul>\n\n<!-- AddThis Advanced Settings generic via filter on the_content --><!-- AddThis Share Buttons generic via filter on the_content -->","protected":false},"excerpt":{"rendered":"<p>INSTITUTO \u00c1GUA E SANEAMENTO SIGA-NOS: Home Tamanho do Problema Iniciativas e Solu\u00e7\u00f5es Sobre o DMB Parceiros E apoiadores Realiza\u00e7\u00e3o Ver Tamanho do Problema Explorar Iniciativas e Solu\u00e7\u00f5es Voltar ao topo Home Tamanho do Problema Iniciativas e Solu\u00e7\u00f5es Sobre o DMB Parceiros e Apoiadores Outros Sites Instituto \u00c1gua e Saneamento Observat\u00f3rio do Marco Legal Painel do&hellip;<!-- AddThis Advanced Settings generic via filter on get_the_excerpt --><!-- AddThis Share Buttons generic via filter on get_the_excerpt --><\/p>\n","protected":false},"author":1,"featured_media":1444,"parent":0,"menu_order":0,"comment_status":"closed","ping_status":"closed","template":"","meta":{"inline_featured_image":false},"acf":[],"yoast_head":"<!-- This site is optimized with the Yoast SEO plugin v17.4 - https:\/\/yoast.com\/wordpress\/plugins\/seo\/ -->\n<title>Parceiros | Dia Mundial do Banheiro - Um Lugar de Paz<\/title>\n<meta name=\"description\" content=\"O Dia Mundial do Banheiro \u00e9 uma iniciativa do World Toilet Organization e passou a fazer parte UN-Water, ag\u00eancia das Na\u00e7\u00f5es Unidas em 2013. Saiba mais sobre a data!\" \/>\n<meta name=\"robots\" content=\"index, follow, max-snippet:-1, max-image-preview:large, max-video-preview:-1\" \/>\n<link rel=\"canonical\" href=\"https:\/\/diamundialdobanheiro.org.br\/parceiros-e-apoiadores\/\" \/>\n<script type=\"application\/ld+json\" class=\"yoast-schema-graph\">{\"@context\":\"https:\/\/schema.org\",\"@graph\":[{\"@type\":\"Organization\",\"@id\":\"https:\/\/diamundialdobanheiro.org.br\/#organization\",\"name\":\"Dia Mundial do Banheiro - Um Lugar de Paz\",\"url\":\"https:\/\/diamundialdobanheiro.org.br\/\",\"sameAs\":[\"https:\/\/www.facebook.com\/aguaesaneamento\/\",\"https:\/\/www.instagram.com\/aguaesaneamento_\/\",\"https:\/\/www.youtube.com\/channel\/UCkgrqEeqVC-kOcAjkkGwdQA\",\"https:\/\/twitter.com\/aguaesaneamento\"],\"logo\":{\"@type\":\"ImageObject\",\"@id\":\"https:\/\/diamundialdobanheiro.org.br\/#logo\",\"inLanguage\":\"pt-BR\",\"url\":\"https:\/\/diamundialdobanheiro.org.br\/wp-content\/uploads\/sites\/4\/2024\/10\/Yoast-default-page-image-1200x675-1.png\",\"contentUrl\":\"https:\/\/diamundialdobanheiro.org.br\/wp-content\/uploads\/sites\/4\/2024\/10\/Yoast-default-page-image-1200x675-1.png\",\"width\":1200,\"height\":675,\"caption\":\"Dia Mundial do Banheiro - Um Lugar de Paz\"},\"image\":{\"@id\":\"https:\/\/diamundialdobanheiro.org.br\/#logo\"}},{\"@type\":\"WebSite\",\"@id\":\"https:\/\/diamundialdobanheiro.org.br\/#website\",\"url\":\"https:\/\/diamundialdobanheiro.org.br\/\",\"name\":\"Dia Mundial do Banheiro - Um Lugar de Paz\",\"description\":\"O IAS promove o Dia Mundial do Banheiro no Brasil desde 2020, junto com diversos parceiros. Nossa miss\\u00e3o \\u00e9 somar esfor\\u00e7os para garantir a universaliza\\u00e7\\u00e3o do saneamento no pa\\u00eds\",\"publisher\":{\"@id\":\"https:\/\/diamundialdobanheiro.org.br\/#organization\"},\"potentialAction\":[{\"@type\":\"SearchAction\",\"target\":{\"@type\":\"EntryPoint\",\"urlTemplate\":\"https:\/\/diamundialdobanheiro.org.br\/?s={search_term_string}\"},\"query-input\":\"required name=search_term_string\"}],\"inLanguage\":\"pt-BR\"},{\"@type\":\"ImageObject\",\"@id\":\"https:\/\/diamundialdobanheiro.org.br\/parceiros-e-apoiadores\/#primaryimage\",\"inLanguage\":\"pt-BR\",\"url\":\"https:\/\/diamundialdobanheiro.org.br\/wp-content\/uploads\/sites\/4\/2024\/10\/Yoast-default-page-image-1200x675-1.png\",\"contentUrl\":\"https:\/\/diamundialdobanheiro.org.br\/wp-content\/uploads\/sites\/4\/2024\/10\/Yoast-default-page-image-1200x675-1.png\",\"width\":1200,\"height\":675},{\"@type\":\"WebPage\",\"@id\":\"https:\/\/diamundialdobanheiro.org.br\/parceiros-e-apoiadores\/#webpage\",\"url\":\"https:\/\/diamundialdobanheiro.org.br\/parceiros-e-apoiadores\/\",\"name\":\"Parceiros | Dia Mundial do Banheiro - Um Lugar de Paz\",\"isPartOf\":{\"@id\":\"https:\/\/diamundialdobanheiro.org.br\/#website\"},\"primaryImageOfPage\":{\"@id\":\"https:\/\/diamundialdobanheiro.org.br\/parceiros-e-apoiadores\/#primaryimage\"},\"datePublished\":\"2024-10-21T15:47:03+00:00\",\"dateModified\":\"2024-11-08T16:57:57+00:00\",\"description\":\"O Dia Mundial do Banheiro \\u00e9 uma iniciativa do World Toilet Organization e passou a fazer parte UN-Water, ag\\u00eancia das Na\\u00e7\\u00f5es Unidas em 2013. Saiba mais sobre a data!\",\"breadcrumb\":{\"@id\":\"https:\/\/diamundialdobanheiro.org.br\/parceiros-e-apoiadores\/#breadcrumb\"},\"inLanguage\":\"pt-BR\",\"potentialAction\":[{\"@type\":\"ReadAction\",\"target\":[\"https:\/\/diamundialdobanheiro.org.br\/parceiros-e-apoiadores\/\"]}]},{\"@type\":\"BreadcrumbList\",\"@id\":\"https:\/\/diamundialdobanheiro.org.br\/parceiros-e-apoiadores\/#breadcrumb\",\"itemListElement\":[{\"@type\":\"ListItem\",\"position\":1,\"name\":\"In\\u00edcio\",\"item\":\"https:\/\/diamundialdobanheiro.org.br\/\"},{\"@type\":\"ListItem\",\"position\":2,\"name\":\"Parceiros e Apoiadores\"}]}]}<\/script>\n<!-- \/ Yoast SEO plugin. -->","yoast_head_json":{"title":"Parceiros | Dia Mundial do Banheiro - Um Lugar de Paz","description":"O Dia Mundial do Banheiro \u00e9 uma iniciativa do World Toilet Organization e passou a fazer parte UN-Water, ag\u00eancia das Na\u00e7\u00f5es Unidas em 2013. Saiba mais sobre a data!","robots":{"index":"index","follow":"follow","max-snippet":"max-snippet:-1","max-image-preview":"max-image-preview:large","max-video-preview":"max-video-preview:-1"},"canonical":"https:\/\/diamundialdobanheiro.org.br\/parceiros-e-apoiadores\/","schema":{"@context":"https:\/\/schema.org","@graph":[{"@type":"Organization","@id":"https:\/\/diamundialdobanheiro.org.br\/#organization","name":"Dia Mundial do Banheiro - Um Lugar de Paz","url":"https:\/\/diamundialdobanheiro.org.br\/","sameAs":["https:\/\/www.facebook.com\/aguaesaneamento\/","https:\/\/www.instagram.com\/aguaesaneamento_\/","https:\/\/www.youtube.com\/channel\/UCkgrqEeqVC-kOcAjkkGwdQA","https:\/\/twitter.com\/aguaesaneamento"],"logo":{"@type":"ImageObject","@id":"https:\/\/diamundialdobanheiro.org.br\/#logo","inLanguage":"pt-BR","url":"https:\/\/diamundialdobanheiro.org.br\/wp-content\/uploads\/sites\/4\/2024\/10\/Yoast-default-page-image-1200x675-1.png","contentUrl":"https:\/\/diamundialdobanheiro.org.br\/wp-content\/uploads\/sites\/4\/2024\/10\/Yoast-default-page-image-1200x675-1.png","width":1200,"height":675,"caption":"Dia Mundial do Banheiro - Um Lugar de Paz"},"image":{"@id":"https:\/\/diamundialdobanheiro.org.br\/#logo"}},{"@type":"WebSite","@id":"https:\/\/diamundialdobanheiro.org.br\/#website","url":"https:\/\/diamundialdobanheiro.org.br\/","name":"Dia Mundial do Banheiro - Um Lugar de Paz","description":"O IAS promove o Dia Mundial do Banheiro no Brasil desde 2020, junto com diversos parceiros. Nossa miss\u00e3o \u00e9 somar esfor\u00e7os para garantir a universaliza\u00e7\u00e3o do saneamento no pa\u00eds","publisher":{"@id":"https:\/\/diamundialdobanheiro.org.br\/#organization"},"potentialAction":[{"@type":"SearchAction","target":{"@type":"EntryPoint","urlTemplate":"https:\/\/diamundialdobanheiro.org.br\/?s={search_term_string}"},"query-input":"required name=search_term_string"}],"inLanguage":"pt-BR"},{"@type":"ImageObject","@id":"https:\/\/diamundialdobanheiro.org.br\/parceiros-e-apoiadores\/#primaryimage","inLanguage":"pt-BR","url":"https:\/\/diamundialdobanheiro.org.br\/wp-content\/uploads\/sites\/4\/2024\/10\/Yoast-default-page-image-1200x675-1.png","contentUrl":"https:\/\/diamundialdobanheiro.org.br\/wp-content\/uploads\/sites\/4\/2024\/10\/Yoast-default-page-image-1200x675-1.png","width":1200,"height":675},{"@type":"WebPage","@id":"https:\/\/diamundialdobanheiro.org.br\/parceiros-e-apoiadores\/#webpage","url":"https:\/\/diamundialdobanheiro.org.br\/parceiros-e-apoiadores\/","name":"Parceiros | Dia Mundial do Banheiro - Um Lugar de Paz","isPartOf":{"@id":"https:\/\/diamundialdobanheiro.org.br\/#website"},"primaryImageOfPage":{"@id":"https:\/\/diamundialdobanheiro.org.br\/parceiros-e-apoiadores\/#primaryimage"},"datePublished":"2024-10-21T15:47:03+00:00","dateModified":"2024-11-08T16:57:57+00:00","description":"O Dia Mundial do Banheiro \u00e9 uma iniciativa do World Toilet Organization e passou a fazer parte UN-Water, ag\u00eancia das Na\u00e7\u00f5es Unidas em 2013. Saiba mais sobre a data!","breadcrumb":{"@id":"https:\/\/diamundialdobanheiro.org.br\/parceiros-e-apoiadores\/#breadcrumb"},"inLanguage":"pt-BR","potentialAction":[{"@type":"ReadAction","target":["https:\/\/diamundialdobanheiro.org.br\/parceiros-e-apoiadores\/"]}]},{"@type":"BreadcrumbList","@id":"https:\/\/diamundialdobanheiro.org.br\/parceiros-e-apoiadores\/#breadcrumb","itemListElement":[{"@type":"ListItem","position":1,"name":"In\u00edcio","item":"https:\/\/diamundialdobanheiro.org.br\/"},{"@type":"ListItem","position":2,"name":"Parceiros e Apoiadores"}]}]}},"_links":{"self":[{"href":"https:\/\/diamundialdobanheiro.org.br\/wp-json\/wp\/v2\/pages\/1238"}],"collection":[{"href":"https:\/\/diamundialdobanheiro.org.br\/wp-json\/wp\/v2\/pages"}],"about":[{"href":"https:\/\/diamundialdobanheiro.org.br\/wp-json\/wp\/v2\/types\/page"}],"author":[{"embeddable":true,"href":"https:\/\/diamundialdobanheiro.org.br\/wp-json\/wp\/v2\/users\/1"}],"replies":[{"embeddable":true,"href":"https:\/\/diamundialdobanheiro.org.br\/wp-json\/wp\/v2\/comments?post=1238"}],"version-history":[{"count":48,"href":"https:\/\/diamundialdobanheiro.org.br\/wp-json\/wp\/v2\/pages\/1238\/revisions"}],"predecessor-version":[{"id":1615,"href":"https:\/\/diamundialdobanheiro.org.br\/wp-json\/wp\/v2\/pages\/1238\/revisions\/1615"}],"wp:featuredmedia":[{"embeddable":true,"href":"https:\/\/diamundialdobanheiro.org.br\/wp-json\/wp\/v2\/media\/1444"}],"wp:attachment":[{"href":"https:\/\/diamundialdobanheiro.org.br\/wp-json\/wp\/v2\/media?parent=1238"}],"curies":[{"name":"wp","href":"https:\/\/api.w.org\/{rel}","templated":true}]}}