{"id":1269,"date":"2024-10-21T17:23:25","date_gmt":"2024-10-21T20:23:25","guid":{"rendered":"https:\/\/diamundialdobanheiro.org.br\/?page_id=1269"},"modified":"2024-11-23T17:08:49","modified_gmt":"2024-11-23T20:08:49","slug":"tamanho-do-problema","status":"publish","type":"page","link":"https:\/\/diamundialdobanheiro.org.br\/tamanho-do-problema\/","title":{"rendered":"O Tamanho do problema"},"content":{"rendered":"<!-- AddThis Advanced Settings generic via filter on the_content --><!-- AddThis Share Buttons generic via filter on the_content -->","protected":false},"excerpt":{"rendered":"<p><!-- AddThis Advanced Settings generic via filter on get_the_excerpt --><!-- AddThis Share Buttons generic via filter on get_the_excerpt --><\/p>\n","protected":false},"author":1,"featured_media":1444,"parent":0,"menu_order":0,"comment_status":"closed","ping_status":"closed","template":"","meta":{"inline_featured_image":false},"acf":[],"yoast_head":"<!-- This site is optimized with the Yoast SEO plugin v17.4 - https:\/\/yoast.com\/wordpress\/plugins\/seo\/ -->\n<title>O Tamanho do Problema | Dia Mundial do Banheiro - Um Lugar de Paz<\/title>\n<meta name=\"description\" content=\"A data \u00e9 uma oportunidade para dar visibilidade aos imensos desafios relacionados \u00e0 falta de acesso ao saneamento b\u00e1sico no Brasil. Entenda o tamanho do problema.\" \/>\n<meta name=\"robots\" content=\"index, follow, max-snippet:-1, max-image-preview:large, max-video-preview:-1\" \/>\n<link rel=\"canonical\" href=\"https:\/\/diamundialdobanheiro.org.br\/tamanho-do-problema\/\" \/>\n<script type=\"application\/ld+json\" class=\"yoast-schema-graph\">{\"@context\":\"https:\/\/schema.org\",\"@graph\":[{\"@type\":\"Organization\",\"@id\":\"https:\/\/diamundialdobanheiro.org.br\/#organization\",\"name\":\"Dia Mundial do Banheiro - Um Lugar de Paz\",\"url\":\"https:\/\/diamundialdobanheiro.org.br\/\",\"sameAs\":[\"https:\/\/www.facebook.com\/aguaesaneamento\/\",\"https:\/\/www.instagram.com\/aguaesaneamento_\/\",\"https:\/\/www.youtube.com\/channel\/UCkgrqEeqVC-kOcAjkkGwdQA\",\"https:\/\/twitter.com\/aguaesaneamento\"],\"logo\":{\"@type\":\"ImageObject\",\"@id\":\"https:\/\/diamundialdobanheiro.org.br\/#logo\",\"inLanguage\":\"pt-BR\",\"url\":\"https:\/\/diamundialdobanheiro.org.br\/wp-content\/uploads\/sites\/4\/2024\/10\/Yoast-default-page-image-1200x675-1.png\",\"contentUrl\":\"https:\/\/diamundialdobanheiro.org.br\/wp-content\/uploads\/sites\/4\/2024\/10\/Yoast-default-page-image-1200x675-1.png\",\"width\":1200,\"height\":675,\"caption\":\"Dia Mundial do Banheiro - Um Lugar de Paz\"},\"image\":{\"@id\":\"https:\/\/diamundialdobanheiro.org.br\/#logo\"}},{\"@type\":\"WebSite\",\"@id\":\"https:\/\/diamundialdobanheiro.org.br\/#website\",\"url\":\"https:\/\/diamundialdobanheiro.org.br\/\",\"name\":\"Dia Mundial do Banheiro - Um Lugar de Paz\",\"description\":\"O IAS promove o Dia Mundial do Banheiro no Brasil desde 2020, junto com diversos parceiros. Nossa miss\\u00e3o \\u00e9 somar esfor\\u00e7os para garantir a universaliza\\u00e7\\u00e3o do saneamento no pa\\u00eds\",\"publisher\":{\"@id\":\"https:\/\/diamundialdobanheiro.org.br\/#organization\"},\"potentialAction\":[{\"@type\":\"SearchAction\",\"target\":{\"@type\":\"EntryPoint\",\"urlTemplate\":\"https:\/\/diamundialdobanheiro.org.br\/?s={search_term_string}\"},\"query-input\":\"required name=search_term_string\"}],\"inLanguage\":\"pt-BR\"},{\"@type\":\"ImageObject\",\"@id\":\"https:\/\/diamundialdobanheiro.org.br\/tamanho-do-problema\/#primaryimage\",\"inLanguage\":\"pt-BR\",\"url\":\"https:\/\/diamundialdobanheiro.org.br\/wp-content\/uploads\/sites\/4\/2024\/10\/Yoast-default-page-image-1200x675-1.png\",\"contentUrl\":\"https:\/\/diamundialdobanheiro.org.br\/wp-content\/uploads\/sites\/4\/2024\/10\/Yoast-default-page-image-1200x675-1.png\",\"width\":1200,\"height\":675},{\"@type\":\"WebPage\",\"@id\":\"https:\/\/diamundialdobanheiro.org.br\/tamanho-do-problema\/#webpage\",\"url\":\"https:\/\/diamundialdobanheiro.org.br\/tamanho-do-problema\/\",\"name\":\"O Tamanho do Problema | Dia Mundial do Banheiro - Um Lugar de Paz\",\"isPartOf\":{\"@id\":\"https:\/\/diamundialdobanheiro.org.br\/#website\"},\"primaryImageOfPage\":{\"@id\":\"https:\/\/diamundialdobanheiro.org.br\/tamanho-do-problema\/#primaryimage\"},\"datePublished\":\"2024-10-21T20:23:25+00:00\",\"dateModified\":\"2024-11-23T20:08:49+00:00\",\"description\":\"A data \\u00e9 uma oportunidade para dar visibilidade aos imensos desafios relacionados \\u00e0 falta de acesso ao saneamento b\\u00e1sico no Brasil. Entenda o tamanho do problema.\",\"breadcrumb\":{\"@id\":\"https:\/\/diamundialdobanheiro.org.br\/tamanho-do-problema\/#breadcrumb\"},\"inLanguage\":\"pt-BR\",\"potentialAction\":[{\"@type\":\"ReadAction\",\"target\":[\"https:\/\/diamundialdobanheiro.org.br\/tamanho-do-problema\/\"]}]},{\"@type\":\"BreadcrumbList\",\"@id\":\"https:\/\/diamundialdobanheiro.org.br\/tamanho-do-problema\/#breadcrumb\",\"itemListElement\":[{\"@type\":\"ListItem\",\"position\":1,\"name\":\"In\\u00edcio\",\"item\":\"https:\/\/diamundialdobanheiro.org.br\/\"},{\"@type\":\"ListItem\",\"position\":2,\"name\":\"O Tamanho do problema\"}]}]}<\/script>\n<!-- \/ Yoast SEO plugin. -->","yoast_head_json":{"title":"O Tamanho do Problema | Dia Mundial do Banheiro - Um Lugar de Paz","description":"A data \u00e9 uma oportunidade para dar visibilidade aos imensos desafios relacionados \u00e0 falta de acesso ao saneamento b\u00e1sico no Brasil. Entenda o tamanho do problema.","robots":{"index":"index","follow":"follow","max-snippet":"max-snippet:-1","max-image-preview":"max-image-preview:large","max-video-preview":"max-video-preview:-1"},"canonical":"https:\/\/diamundialdobanheiro.org.br\/tamanho-do-problema\/","schema":{"@context":"https:\/\/schema.org","@graph":[{"@type":"Organization","@id":"https:\/\/diamundialdobanheiro.org.br\/#organization","name":"Dia Mundial do Banheiro - Um Lugar de Paz","url":"https:\/\/diamundialdobanheiro.org.br\/","sameAs":["https:\/\/www.facebook.com\/aguaesaneamento\/","https:\/\/www.instagram.com\/aguaesaneamento_\/","https:\/\/www.youtube.com\/channel\/UCkgrqEeqVC-kOcAjkkGwdQA","https:\/\/twitter.com\/aguaesaneamento"],"logo":{"@type":"ImageObject","@id":"https:\/\/diamundialdobanheiro.org.br\/#logo","inLanguage":"pt-BR","url":"https:\/\/diamundialdobanheiro.org.br\/wp-content\/uploads\/sites\/4\/2024\/10\/Yoast-default-page-image-1200x675-1.png","contentUrl":"https:\/\/diamundialdobanheiro.org.br\/wp-content\/uploads\/sites\/4\/2024\/10\/Yoast-default-page-image-1200x675-1.png","width":1200,"height":675,"caption":"Dia Mundial do Banheiro - Um Lugar de Paz"},"image":{"@id":"https:\/\/diamundialdobanheiro.org.br\/#logo"}},{"@type":"WebSite","@id":"https:\/\/diamundialdobanheiro.org.br\/#website","url":"https:\/\/diamundialdobanheiro.org.br\/","name":"Dia Mundial do Banheiro - Um Lugar de Paz","description":"O IAS promove o Dia Mundial do Banheiro no Brasil desde 2020, junto com diversos parceiros. Nossa miss\u00e3o \u00e9 somar esfor\u00e7os para garantir a universaliza\u00e7\u00e3o do saneamento no pa\u00eds","publisher":{"@id":"https:\/\/diamundialdobanheiro.org.br\/#organization"},"potentialAction":[{"@type":"SearchAction","target":{"@type":"EntryPoint","urlTemplate":"https:\/\/diamundialdobanheiro.org.br\/?s={search_term_string}"},"query-input":"required name=search_term_string"}],"inLanguage":"pt-BR"},{"@type":"ImageObject","@id":"https:\/\/diamundialdobanheiro.org.br\/tamanho-do-problema\/#primaryimage","inLanguage":"pt-BR","url":"https:\/\/diamundialdobanheiro.org.br\/wp-content\/uploads\/sites\/4\/2024\/10\/Yoast-default-page-image-1200x675-1.png","contentUrl":"https:\/\/diamundialdobanheiro.org.br\/wp-content\/uploads\/sites\/4\/2024\/10\/Yoast-default-page-image-1200x675-1.png","width":1200,"height":675},{"@type":"WebPage","@id":"https:\/\/diamundialdobanheiro.org.br\/tamanho-do-problema\/#webpage","url":"https:\/\/diamundialdobanheiro.org.br\/tamanho-do-problema\/","name":"O Tamanho do Problema | Dia Mundial do Banheiro - Um Lugar de Paz","isPartOf":{"@id":"https:\/\/diamundialdobanheiro.org.br\/#website"},"primaryImageOfPage":{"@id":"https:\/\/diamundialdobanheiro.org.br\/tamanho-do-problema\/#primaryimage"},"datePublished":"2024-10-21T20:23:25+00:00","dateModified":"2024-11-23T20:08:49+00:00","description":"A data \u00e9 uma oportunidade para dar visibilidade aos imensos desafios relacionados \u00e0 falta de acesso ao saneamento b\u00e1sico no Brasil. Entenda o tamanho do problema.","breadcrumb":{"@id":"https:\/\/diamundialdobanheiro.org.br\/tamanho-do-problema\/#breadcrumb"},"inLanguage":"pt-BR","potentialAction":[{"@type":"ReadAction","target":["https:\/\/diamundialdobanheiro.org.br\/tamanho-do-problema\/"]}]},{"@type":"BreadcrumbList","@id":"https:\/\/diamundialdobanheiro.org.br\/tamanho-do-problema\/#breadcrumb","itemListElement":[{"@type":"ListItem","position":1,"name":"In\u00edcio","item":"https:\/\/diamundialdobanheiro.org.br\/"},{"@type":"ListItem","position":2,"name":"O Tamanho do problema"}]}]}},"_links":{"self":[{"href":"https:\/\/diamundialdobanheiro.org.br\/wp-json\/wp\/v2\/pages\/1269"}],"collection":[{"href":"https:\/\/diamundialdobanheiro.org.br\/wp-json\/wp\/v2\/pages"}],"about":[{"href":"https:\/\/diamundialdobanheiro.org.br\/wp-json\/wp\/v2\/types\/page"}],"author":[{"embeddable":true,"href":"https:\/\/diamundialdobanheiro.org.br\/wp-json\/wp\/v2\/users\/1"}],"replies":[{"embeddable":true,"href":"https:\/\/diamundialdobanheiro.org.br\/wp-json\/wp\/v2\/comments?post=1269"}],"version-history":[{"count":74,"href":"https:\/\/diamundialdobanheiro.org.br\/wp-json\/wp\/v2\/pages\/1269\/revisions"}],"predecessor-version":[{"id":1638,"href":"https:\/\/diamundialdobanheiro.org.br\/wp-json\/wp\/v2\/pages\/1269\/revisions\/1638"}],"wp:featuredmedia":[{"embeddable":true,"href":"https:\/\/diamundialdobanheiro.org.br\/wp-json\/wp\/v2\/media\/1444"}],"wp:attachment":[{"href":"https:\/\/diamundialdobanheiro.org.br\/wp-json\/wp\/v2\/media?parent=1269"}],"curies":[{"name":"wp","href":"https:\/\/api.w.org\/{rel}","templated":true}]}}