{"id":1306,"date":"2024-10-22T17:04:03","date_gmt":"2024-10-22T20:04:03","guid":{"rendered":"https:\/\/diamundialdobanheiro.org.br\/?page_id=1306"},"modified":"2024-11-29T02:23:20","modified_gmt":"2024-11-29T05:23:20","slug":"iniciativas-e-solucoes","status":"publish","type":"page","link":"https:\/\/diamundialdobanheiro.org.br\/iniciativas-e-solucoes\/","title":{"rendered":"Iniciativas e Solu\u00e7\u00f5es"},"content":{"rendered":"\n\n\t<p><a href=\"https:\/\/www.aguaesaneamento.org.br\/\">INSTITUTO \u00c1GUA E SANEAMENTO<\/a><\/p>\n\t<p>SIGA-NOS:<\/p>\n\t    <header>\n          <a href=\"https:\/\/diamundialdobanheiro.org.br\/\">\n          <\/a>\n          <nav>\n            <a href=\"https:\/\/diamundialdobanheiro.org.br\/\" id=\"link-home\">Home<\/a>\n            <a href=\"https:\/\/diamundialdobanheiro.org.br\/tamanho-do-problema\/\" id=\"link-tamanhodoproblema\">Tamanho do Problema<\/a>\n            <a href=\"https:\/\/diamundialdobanheiro.org.br\/iniciativas-e-solucoes\/\"  id=\"link-iniciativas\">Iniciativas e Solu\u00e7\u00f5es<\/a>\n            <!--<a href=\"https:\/\/diamundialdobanheiro.org.br\/parceiros-e-apoiadores\/\" id=\"link-parceiros\">Parceiros<\/a>-->\n            <a href=\"https:\/\/diamundialdobanheiro.org.br\/sobre-o-dia-mundial-do-banheiro\/\" id=\"link-sobreodmb\">Sobre o DMB<\/a>\n          <\/nav>\n    <\/header>\n<h2>\n\t\tIniciativas e solu\u00e7\u00f5es\n\t<\/h2>\n<h3>\n\t\t<strong>webs\u00e9rie<\/strong>Saneamento tem solu\u00e7\u00e3o\n\t<\/h3>\n\t<p>Prepare-se para embarcar em uma jornada esclarecedora com a webs\u00e9rie &#8220;Saneamento tem Solu\u00e7\u00e3o&#8221;, dispon\u00edvel no YouTube do IAS. A s\u00e9rie leva o espectador por um tour pelo mundo do saneamento b\u00e1sico, destacando desafios e solu\u00e7\u00f5es inovadoras. <\/p>\n\t<p>Cada epis\u00f3dio traz narrativas inspiradoras de comunidades que lutam pela dignidade e sa\u00fade, proporcionadas pelo acesso a instala\u00e7\u00f5es sanit\u00e1rias adequadas.<\/p>\n<p>S\u00e3o hist\u00f3rias de indiv\u00edduos e organiza\u00e7\u00f5es que unem for\u00e7as para enfrentar a crise global de saneamento por meio de abordagens sustent\u00e1veis que visam um futuro mais limpo. Hist\u00f3rias de luta comoventes, entrevistas com especialistas e imagens impactantes comp\u00f5em &#8220;<a href=\"https:\/\/bit.ly\/3SEWBss\">Saneamento tem Solu\u00e7\u00e3o<\/a>&#8220;, um material que ajuda a vislumbrar caminhos para um mundo onde o acesso a instala\u00e7\u00f5es sanit\u00e1rias seguras n\u00e3o \u00e9 mais uma meta distante.<\/p>\n\t<p><strong>Trailer da Webs\u00e9rie<\/strong><\/p>\n<iframe width=\"315\" height=\"560\" \nsrc=\"https:\/\/www.youtube.com\/embed\/0jVjTMbcmpc\" \ntitle=\"YouTube video player\" frameborder=\"0\" \nallow=\"accelerometer; autoplay; clipboard-write; encrypted-media;\ngyroscope; picture-in-picture;\nweb-share\"\nallowfullscreen><\/iframe>\n\t\t\t\t\t<a href=\"https:\/\/www.youtube.com\/watch?v=0jVjTMbcmpc&#038;list=PLTqkxNsnYBPvpGmh8nltEJeNefRZ87CaX&#038;index=18\" data-url=\"https:\/\/www.youtube.com\/embed\/0jVjTMbcmpc?autoplay=1&#038;version=3&#038;enablejsapi=1\">\t\t\t\t\t\t\n\t\t\t\t\t\t\t\t\t\t<h4>Trailer Webs\u00e9rie Saneamento tem Solu\u00e7\u00e3o<\/h4>\n\t\t\t\t\t<\/a>\t\t\t\t\n\t<p><strong>Novos epis\u00f3dios da webs\u00e9rie Saneamento tem Solu\u00e7\u00e3o<\/strong><\/p>\n\t\t\t\t\t<a href=\"https:\/\/www.youtube.com\/watch?v=i4QioZabSwA\" data-url=\"https:\/\/www.youtube.com\/embed\/i4QioZabSwA?autoplay=1&#038;version=3&#038;enablejsapi=1\">\t\t\t\t\t\t\n\t\t\t\t\t\t\t\t\t\t<h4>Instituto GAS: \u00c1gua e higiene para a popula\u00e7\u00e3o de rua<\/h4>\n\t\t\t\t\t<\/a>\t\t\t\t\n\t\t\t\t\t<a href=\"https:\/\/www.youtube.com\/watch?v=lyqxzvVhIUk\" data-url=\"https:\/\/www.youtube.com\/embed\/lyqxzvVhIUk?autoplay=1&#038;version=3&#038;enablejsapi=1\">\t\t\t\t\t\t\n\t\t\t\t\t\t\t\t\t\t<h4>Biosaneamento e Teto: Parceria em prol do saneamento em aldeia ind\u00edgena no Jaragu\u00e1<\/h4>\n\t\t\t\t\t<\/a>\t\t\t\t\n\t\t\t\t\t<a href=\"https:\/\/www.youtube.com\/watch?v=6tXPbVlTwd4\" data-url=\"https:\/\/www.youtube.com\/embed\/6tXPbVlTwd4?autoplay=1&#038;version=3&#038;enablejsapi=1\">\t\t\t\t\t\t\n\t\t\t\t\t\t\t\t\t\t<h4>Ressuscita S\u00e3o Gon\u00e7alo: Informa\u00e7\u00e3o contra a falta de saneamento<\/h4>\n\t\t\t\t\t<\/a>\t\t\t\t\n\t<p><a href=\"https:\/\/www.youtube.com\/watch?v=lyqxzvVhIUk&amp;list=PLTqkxNsnYBPvpGmh8nltEJeNefRZ87CaX\" target=\"_blank\" rel=\"noopener\">Clique aqui<\/a> para acessar outros v\u00eddeos da webs\u00e9rie &#8220;Saneamento tem Solu\u00e7\u00e3o&#8221;.<\/p>\n\t<p><strong>Temporada 2023<\/strong><\/p>\n\t\t\t\t\t<a href=\"https:\/\/www.youtube.com\/watch?v=R1WWr6Pi6yE\" data-url=\"https:\/\/www.youtube.com\/embed\/R1WWr6Pi6yE?autoplay=1&#038;version=3&#038;enablejsapi=1\">\t\t\t\t\t\t\n\t\t\t\t\t\t\t\t\t\t<h4>Banheiros e bebedouros p\u00fablicos: para quem, e como garantir esses direitos?<\/h4>\n\t\t\t\t\t<\/a>\t\t\t\t\n\t\t\t\t\t<a href=\"https:\/\/www.youtube.com\/watch?v=U-G8ZDGoEOo\" data-url=\"https:\/\/www.youtube.com\/embed\/U-G8ZDGoEOo?autoplay=1&#038;version=3&#038;enablejsapi=1\">\t\t\t\t\t\t\n\t\t\t\t\t\t\t\t\t\t<h4>Saneamento rural da teoria \u00e0 pr\u00e1tica: como avan\u00e7ar nos territ\u00f3rios historicamente exclu\u00eddos?<\/h4>\n\t\t\t\t\t<\/a>\t\t\t\t\n\t\t\t\t\t<a href=\"https:\/\/www.youtube.com\/watch?v=3dxqaAws56o\" data-url=\"https:\/\/www.youtube.com\/embed\/3dxqaAws56o?autoplay=1&#038;version=3&#038;enablejsapi=1\">\t\t\t\t\t\t\n\t\t\t\t\t\t\t\t\t\t<h4>Como incluir e priorizar o saneamento b\u00e1sico nas \u00e1reas urbanas prec\u00e1rias<\/h4>\n\t\t\t\t\t<\/a>\t\t\t\t\n\t\t\t<a href=\"https:\/\/diamundialdobanheiro.org.br\/tamanho-do-problema\/\" target=\"_self\" role=\"button\" rel=\"noopener\">\n\t\t\t\t\t\t\tVer Tamanho do Problema\n\t\t\t\t\t<\/a>\n\t\t\t<a href=\"https:\/\/diamundialdobanheiro.org.br\/sobre-o-dia-mundial-do-banheiro\/\" target=\"_self\" role=\"button\" rel=\"noopener\">\n\t\t\t\t\t\t\tSobre o Dia Mundial do Banheiro\n\t\t\t\t\t<\/a>\n\t<button id=\"backToTop2\" aria-label=\"Voltar ao topo\">\n    Voltar ao topo\n<\/button>\n<h3>\n\t\tCampanha<strong>DMB 2024<\/strong>\n\t<\/h3>\n\t<p>Para a campanha de 2024, o IAS fez parcerias com influenciadores do Instagram.<\/p>\n<p>Os nomes abordados totalizam quase 4 milh\u00f5es de seguidores, ajudando a amplificar a mensagem do Dia Mundial do Banheiro para novos p\u00fablicos. S\u00e3o perfis que abordam temas ambientais, sociais e educativos, em linha com a atua\u00e7\u00e3o do IAS.<\/p>\n<iframe width=\"315\" height=\"560\" \nsrc=\"https:\/\/youtube.com\/embed\/VVmHTnKgM_s?si=rbO_RAZmIi9hSj0v\" \ntitle=\"YouTube video player\" frameborder=\"0\" \nallow=\"accelerometer; autoplay; clipboard-write; encrypted-media;\ngyroscope; picture-in-picture;\nweb-share\"\nallowfullscreen><\/iframe>\n\t<p>Veja abaixo alguns dos influenciadores que fizeram parte da campanha de 2024.<\/p>\n\t\t\t\t<img loading=\"lazy\" src=\"https:\/\/diamundialdobanheiro.org.br\/wp-content\/uploads\/sites\/4\/2024\/11\/DMB-2024-influenciadores-03-1.png\" alt=\"influenciadores-dmb-2024\" itemprop=\"image\" height=\"2626\" width=\"1640\" title=\"DMB-2024-influenciadores-03\" onerror=\"this.style.display='none'\"  \/>\n\t<p><a href=\"https:\/\/www.instagram.com\/s\/aGlnaGxpZ2h0OjE4MDMwMzE2MTY2MTM4Nzgx?story_media_id=3504711920067930224&amp;igsh=aDRiMmRqZWhmNW85\" target=\"_blank\" rel=\"noopener\">Clique aqui<\/a> para acessar a campanha.\u00a0<\/p>\n<h3>\n\t\tDMB no podcast<strong>Vozes do Planeta<\/strong>\n\t<\/h3>\n\t<p>O Dia Mundial do Banheiro foi tema de um epis\u00f3dio especial do podcast Vozes do Planeta.\u00a0 Em uma conversa inspiradora, de olho em solu\u00e7\u00f5es, foi abordado tanto o cen\u00e1rio atual do saneamento no Brasil como iniciativas que prop\u00f5em solu\u00e7\u00f5es de saneamento para pessoas vulner\u00e1veis no pa\u00eds. Veja abaixo.<\/p>\n<iframe src=\"https:\/\/open.spotify.com\/embed\/episode\/0FZLGiIkleIy3DyVlbiCrt\/video?utm_source=generator&#038;t=0\" width=\"624\" height=\"351\" frameBorder=\"0\" allowfullscreen=\"\" allow=\"autoplay; clipboard-write; encrypted-media; fullscreen; picture-in-picture\" loading=\"lazy\"><\/iframe>\n\t\t\t<a href=\"https:\/\/diamundialdobanheiro.org.br\/tamanho-do-problema-2024\/\" target=\"_self\" role=\"button\" rel=\"noopener\">\n\t\t\t\t\t\t\tVer Tamanho do Problema\n\t\t\t\t\t<\/a>\n\t\t\t<a href=\"https:\/\/diamundialdobanheiro.org.br\/sobre-o-dmb-2024\/\" target=\"_self\" role=\"button\" rel=\"noopener\">\n\t\t\t\t\t\t\tSobre o Dia Mundial do Banheiro\n\t\t\t\t\t<\/a>\n\t<button id=\"backToTop2\" aria-label=\"Voltar ao topo\">\n    Voltar ao topo\n<\/button>\n<h3>\n\t\tRealiza\u00e7\u00e3o\n\t<\/h3>\n\t<a href=\"https:\/\/www.aguaesaneamento.org.br\/\" target=\"_blank\" rel=\"noopener\">\n<\/a>\n<h3>\n\t\tParceiros &#038; Apoiadores\n\t<\/h3>\n\tVeja quem vem somando na realiza\u00e7\u00e3o do Dia Mundial do Banheiro ao longo dos<br \/>\n\u00faltimos cinco anos da data no Brasil.\n  <a href=\"#\" title=\"#\" target=\"_blank\" rel=\"noopener\">\n    <img src=\"\" \/>\n  <\/a>\n  <a href=\"#\" title=\"#\" target=\"_blank\" rel=\"noopener\">\n      <img src=\"\" \/>\n  <\/a>\n  <a href=\"#\" title=\"#\" target=\"_blank\" rel=\"noopener\">\n      <img src=\"\" \/>\n  <\/a>\n  <a href=\"#\" title=\"#\" target=\"_blank\" rel=\"noopener\">\n      <img src=\"\" \/>\n  <\/a>\n  <a href=\"#\" title=\"#\" target=\"_blank\" rel=\"noopener\">\n      <img src=\"\" \/>\n  <\/a>\n  <a href=\"#\" title=\"#\" target=\"_blank\" rel=\"noopener\">\n      <img src=\"\" \/>\n  <\/a>\n<style>\n  .patrocinadores {\n    align-items: stretch;\n    display: flex;\n    max-width: 1106px;\n    margin: 0 auto;\n    gap: 50px;\n  }\n  .patrocinadores * {\n    transform: all .3s;\n  }\n  .patrocinadores .patrocinador {\n    max-height: 142px;\n    max-width: 142px;\n    display: block;\n    transition: all .3s;\n  }\n  .patrocinadores .patrocinador:hover {  \n    transform: scale(1.2);\n  }\n  .patrocinadores .patrocinador img {\n    background-color: white;\n    \/*padding: 10px;*\/\n    box-sizing: border-box;\n    \/* max-width: 100%; *\/\n    \/*max-width: 142px;*\/\n  }\n  @media screen and (max-width: 1023px) {\n    .patrocinadores  {\n      flex-wrap: wrap;\n      gap: 30px;\n      justify-content: center;\n    }\n    .patrocinadores .patrocinador {\n      max-width: 100%;\n      width: calc((100% \/ 3) - 30px);\n    }\n    .patrocinadores .patrocinador img{\n      display: block;\n      margin: 0 auto;\n    }\n  }\n  @media screen and (max-width: 560px) {\n    .patrocinadores {\n      gap: 20px;\n    }\n    .patrocinadores .patrocinador {\n      max-width: 100%;\n      display: flex;\n      align-items: center;\n      justify-content: center;\n      width: calc((100% \/ 2) - 34px);\n      height: 167px;\n    }\n    .patrocinadores .patrocinador img{\n      max-height: 100%;\n      max-width: auto;\n    }\n  }\n  \/* NOVO *\/\n  .patrocinador{\n    height: 136px;\n    width: 160px;\n    position: relative;\n    border-radius: 8px;\n    box-shadow: 0px 4px 4px rgba(0, 0, 0, 0.25);\n    background-color: #FFFAF3;\n    border: 10px solid #ffffff;\n}\n.logo_brand{\n    max-height: 100%;\n    max-width: 85%;\n    width: auto;\n    height: auto;\n    position: absolute;\n    top: 0;\n    bottom: 0;\n    left: 0;\n    right: 0;\n    margin: auto;   \n}\n<\/style>\n\t<p><a href=\"https:\/\/diamundialdobanheiro.org.br\/parceiros-e-apoiadores\/\">Ver todos<\/a><\/p>\n\t<button id=\"backToTop\" aria-label=\"Voltar ao topo\">\n    Voltar ao topo\n<\/button>\n\t<a href=\"https:\/\/www.aguaesaneamento.org.br\" id=\"icon_ias-footer\">\n<\/a>\n\t<ul>\n\t\t\t<li>\n\t\t\t<h4>\n\t\t\t\t<a href=\"https:\/\/diamundialdobanheiro.org.br\/\" target=\"_self\" data-hover=\"Home\" rel=\"noopener\">Home<\/a>\n\t\t\t<\/h4>\n\t\t<\/li>\n\t\t\t\t\t<li>\n\t\t\t<h4>\n\t\t\t\t<a href=\"https:\/\/diamundialdobanheiro.org.br\/tamanho-do-problema\" target=\"_self\" data-hover=\"Tamanho do Problema\" rel=\"noopener\">Tamanho do Problema<\/a>\n\t\t\t<\/h4>\n\t\t<\/li>\n\t\t\t\t\t<li>\n\t\t\t<h4>\n\t\t\t\t<a href=\"https:\/\/diamundialdobanheiro.org.br\/iniciativas-e-solucoes\/\" target=\"_self\" data-hover=\"Iniciativas e Solu\u00e7\u00f5es\" rel=\"noopener\">Iniciativas e Solu\u00e7\u00f5es<\/a>\n\t\t\t<\/h4>\n\t\t<\/li>\n\t\t\t\t\t<li>\n\t\t\t<h4>\n\t\t\t\t<a href=\"https:\/\/diamundialdobanheiro.org.br\/sobre-o-dia-mundial-do-banheiro\/\" target=\"_self\" data-hover=\"Sobre o DMB\" rel=\"noopener\">Sobre o DMB<\/a>\n\t\t\t<\/h4>\n\t\t<\/li>\n\t\t\t\t\t<li>\n\t\t\t<h4>\n\t\t\t\t<a href=\"https:\/\/diamundialdobanheiro.org.br\/parceiros-e-apoiadores\/\" target=\"_self\" data-hover=\"Parceiros e Apoiadores\" rel=\"noopener\">Parceiros e Apoiadores<\/a>\n\t\t\t<\/h4>\n\t\t<\/li>\n\t\t\t\t<\/ul>\n\t<p>Outros Sites<\/p>\n\t<ul>\n\t\t\t<li>\n\t\t\t<h4>\n\t\t\t\t<a href=\"https:\/\/www.aguaesaneamento.org.br\/\" target=\"_blank\" rel=\"noopener\" data-hover=\"Instituto \u00c1gua e Saneamento\">Instituto \u00c1gua e Saneamento<\/a>\n\t\t\t<\/h4>\n\t\t<\/li>\n\t\t\t\t\t<li>\n\t\t\t<h4>\n\t\t\t\t<a href=\"https:\/\/marcolegal.aguaesaneamento.org.br\/\" target=\"_blank\" rel=\"noopener\" data-hover=\"Observat\u00f3rio do Marco Legal\">Observat\u00f3rio do Marco Legal<\/a>\n\t\t\t<\/h4>\n\t\t<\/li>\n\t\t\t\t\t<li>\n\t\t\t<h4>\n\t\t\t\t<a href=\"https:\/\/aguaesaneamento.shinyapps.io\/regionalizacao-estados\/\" target=\"_blank\" rel=\"noopener\" data-hover=\"Painel do Marco Legal\">Painel do Marco Legal<\/a>\n\t\t\t<\/h4>\n\t\t<\/li>\n\t\t\t\t\t<li>\n\t\t\t<h4>\n\t\t\t\t<a href=\"https:\/\/www.aguaesaneamento.org.br\/municipios-e-saneamento\/\" target=\"_blank\" rel=\"noopener\" data-hover=\"Munic\u00edpios e Saneamento\">Munic\u00edpios e Saneamento<\/a>\n\t\t\t<\/h4>\n\t\t<\/li>\n\t\t\t\t\t<li>\n\t\t\t<h4>\n\t\t\t\t<a href=\"https:\/\/www.saneamentotemsolucao.org.br\/\" target=\"_blank\" rel=\"noopener\" data-hover=\"Rede Saneamento tem Solu\u00e7\u00e3o\">Rede Saneamento tem Solu\u00e7\u00e3o<\/a>\n\t\t\t<\/h4>\n\t\t<\/li>\n\t\t\t\t<\/ul>\n\t<p>Fale Conosco<\/p>\n\t<ul>\n\t\t\t<li>\n\t\t\t<h4>\n\t\t\t\t<a href=\"mailto:contato@aguaesaneamento.org.br\" target=\"_self\" data-hover=\"contato@aguaesaneamento.org.br\" rel=\"noopener\">contato@aguaesaneamento.org.br<\/a>\n\t\t\t<\/h4>\n\t\t<\/li>\n\t\t\t\t<\/ul>\n\t<a id=\"newsletter_23\" href=\"javascript:;\"  onclick=\"ml_webform_5893883('show')\">\n    Assine a Newsletter do IAS \n<\/a>\n\t<p>Apoio Institucional<\/p>\n\t\t\t\t<img loading=\"lazy\" src=\"https:\/\/diamundialdobanheiro.org.br\/wp-content\/uploads\/sites\/4\/2023\/11\/LOGO-GALO-DA-MANHA\u0303-BRANCO-2.png\" alt=\"LOGO GALO DA MANHA\u0303 - BRANCO 2\" itemprop=\"image\" height=\"81\" width=\"138\" title=\"LOGO GALO DA MANHA\u0303 - BRANCO 2\" onerror=\"this.style.display='none'\"  \/>\n\t\t\t\t<img loading=\"lazy\" src=\"https:\/\/diamundialdobanheiro.org.br\/wp-content\/uploads\/sites\/4\/2023\/11\/LOGO-BEM-TE-VI-PRETO.png\" alt=\"LOGO BEM-TE-VI - PRETO\" itemprop=\"image\" height=\"81\" width=\"91\" title=\"LOGO BEM-TE-VI - PRETO\" onerror=\"this.style.display='none'\"  \/>\n\t\t\t\t<img loading=\"lazy\" src=\"https:\/\/diamundialdobanheiro.org.br\/wp-content\/uploads\/sites\/4\/2023\/11\/LOGO-ITAU\u0301SA-PRETO.png\" alt=\"LOGO ITAU\u0301SA - PRETO\" itemprop=\"image\" height=\"37\" width=\"102\" title=\"LOGO ITAU\u0301SA - PRETO\" onerror=\"this.style.display='none'\"  \/>\n\t<p>\u00a9 IAS 2024 &#8211; Todos os direitos reservados<\/p>\n\t<ul>\n\t\t\t<li>\n\t\t\t<h4>\n\t\t\t\t<a href=\"https:\/\/www.aguaesaneamento.org.br\/politica-de-privacidade\/\" target=\"_self\" data-hover=\"Pol\u00edtica de Privacidade\" rel=\"noopener\">Pol\u00edtica de Privacidade<\/a>\n\t\t\t<\/h4>\n\t\t<\/li>\n\t\t\t\t<\/ul>\n\n<!-- AddThis Advanced Settings generic via filter on the_content --><!-- AddThis Share Buttons generic via filter on the_content -->","protected":false},"excerpt":{"rendered":"<p>INSTITUTO \u00c1GUA E SANEAMENTO SIGA-NOS: Home Tamanho do Problema Iniciativas e Solu\u00e7\u00f5es Sobre o DMB Iniciativas e solu\u00e7\u00f5es webs\u00e9rieSaneamento tem solu\u00e7\u00e3o Prepare-se para embarcar em uma jornada esclarecedora com a webs\u00e9rie &#8220;Saneamento tem Solu\u00e7\u00e3o&#8221;, dispon\u00edvel no YouTube do IAS. A s\u00e9rie leva o espectador por um tour pelo mundo do saneamento b\u00e1sico, destacando desafios e&hellip;<!-- AddThis Advanced Settings generic via filter on get_the_excerpt --><!-- AddThis Share Buttons generic via filter on get_the_excerpt --><\/p>\n","protected":false},"author":1,"featured_media":1444,"parent":0,"menu_order":0,"comment_status":"closed","ping_status":"closed","template":"","meta":{"inline_featured_image":false},"acf":[],"yoast_head":"<!-- This site is optimized with the Yoast SEO plugin v17.4 - https:\/\/yoast.com\/wordpress\/plugins\/seo\/ -->\n<title>Iniciativas e Solu\u00e7\u00f5es | Dia Mundial do Banheiro - Um Lugar de Paz<\/title>\n<meta name=\"description\" content=\"A webs\u00e9rie Saneamento tem Solu\u00e7\u00e3o leva o espectador por um tour pelo mundo do saneamento b\u00e1sico, destacando desafios e solu\u00e7\u00f5es inovadoras.\" \/>\n<meta name=\"robots\" content=\"index, follow, max-snippet:-1, max-image-preview:large, max-video-preview:-1\" \/>\n<link rel=\"canonical\" href=\"https:\/\/diamundialdobanheiro.org.br\/iniciativas-e-solucoes\/\" \/>\n<meta name=\"twitter:label1\" content=\"Est. tempo de leitura\" \/>\n\t<meta name=\"twitter:data1\" content=\"3 minutos\" \/>\n<script type=\"application\/ld+json\" class=\"yoast-schema-graph\">{\"@context\":\"https:\/\/schema.org\",\"@graph\":[{\"@type\":\"Organization\",\"@id\":\"https:\/\/diamundialdobanheiro.org.br\/#organization\",\"name\":\"Dia Mundial do Banheiro - Um Lugar de Paz\",\"url\":\"https:\/\/diamundialdobanheiro.org.br\/\",\"sameAs\":[\"https:\/\/www.facebook.com\/aguaesaneamento\/\",\"https:\/\/www.instagram.com\/aguaesaneamento_\/\",\"https:\/\/www.youtube.com\/channel\/UCkgrqEeqVC-kOcAjkkGwdQA\",\"https:\/\/twitter.com\/aguaesaneamento\"],\"logo\":{\"@type\":\"ImageObject\",\"@id\":\"https:\/\/diamundialdobanheiro.org.br\/#logo\",\"inLanguage\":\"pt-BR\",\"url\":\"https:\/\/diamundialdobanheiro.org.br\/wp-content\/uploads\/sites\/4\/2024\/10\/Yoast-default-page-image-1200x675-1.png\",\"contentUrl\":\"https:\/\/diamundialdobanheiro.org.br\/wp-content\/uploads\/sites\/4\/2024\/10\/Yoast-default-page-image-1200x675-1.png\",\"width\":1200,\"height\":675,\"caption\":\"Dia Mundial do Banheiro - Um Lugar de Paz\"},\"image\":{\"@id\":\"https:\/\/diamundialdobanheiro.org.br\/#logo\"}},{\"@type\":\"WebSite\",\"@id\":\"https:\/\/diamundialdobanheiro.org.br\/#website\",\"url\":\"https:\/\/diamundialdobanheiro.org.br\/\",\"name\":\"Dia Mundial do Banheiro - Um Lugar de Paz\",\"description\":\"O IAS promove o Dia Mundial do Banheiro no Brasil desde 2020, junto com diversos parceiros. Nossa miss\\u00e3o \\u00e9 somar esfor\\u00e7os para garantir a universaliza\\u00e7\\u00e3o do saneamento no pa\\u00eds\",\"publisher\":{\"@id\":\"https:\/\/diamundialdobanheiro.org.br\/#organization\"},\"potentialAction\":[{\"@type\":\"SearchAction\",\"target\":{\"@type\":\"EntryPoint\",\"urlTemplate\":\"https:\/\/diamundialdobanheiro.org.br\/?s={search_term_string}\"},\"query-input\":\"required name=search_term_string\"}],\"inLanguage\":\"pt-BR\"},{\"@type\":\"ImageObject\",\"@id\":\"https:\/\/diamundialdobanheiro.org.br\/iniciativas-e-solucoes\/#primaryimage\",\"inLanguage\":\"pt-BR\",\"url\":\"https:\/\/diamundialdobanheiro.org.br\/wp-content\/uploads\/sites\/4\/2024\/10\/Yoast-default-page-image-1200x675-1.png\",\"contentUrl\":\"https:\/\/diamundialdobanheiro.org.br\/wp-content\/uploads\/sites\/4\/2024\/10\/Yoast-default-page-image-1200x675-1.png\",\"width\":1200,\"height\":675},{\"@type\":\"WebPage\",\"@id\":\"https:\/\/diamundialdobanheiro.org.br\/iniciativas-e-solucoes\/#webpage\",\"url\":\"https:\/\/diamundialdobanheiro.org.br\/iniciativas-e-solucoes\/\",\"name\":\"Iniciativas e Solu\\u00e7\\u00f5es | Dia Mundial do Banheiro - Um Lugar de Paz\",\"isPartOf\":{\"@id\":\"https:\/\/diamundialdobanheiro.org.br\/#website\"},\"primaryImageOfPage\":{\"@id\":\"https:\/\/diamundialdobanheiro.org.br\/iniciativas-e-solucoes\/#primaryimage\"},\"datePublished\":\"2024-10-22T20:04:03+00:00\",\"dateModified\":\"2024-11-29T05:23:20+00:00\",\"description\":\"A webs\\u00e9rie Saneamento tem Solu\\u00e7\\u00e3o leva o espectador por um tour pelo mundo do saneamento b\\u00e1sico, destacando desafios e solu\\u00e7\\u00f5es inovadoras.\",\"breadcrumb\":{\"@id\":\"https:\/\/diamundialdobanheiro.org.br\/iniciativas-e-solucoes\/#breadcrumb\"},\"inLanguage\":\"pt-BR\",\"potentialAction\":[{\"@type\":\"ReadAction\",\"target\":[\"https:\/\/diamundialdobanheiro.org.br\/iniciativas-e-solucoes\/\"]}]},{\"@type\":\"BreadcrumbList\",\"@id\":\"https:\/\/diamundialdobanheiro.org.br\/iniciativas-e-solucoes\/#breadcrumb\",\"itemListElement\":[{\"@type\":\"ListItem\",\"position\":1,\"name\":\"In\\u00edcio\",\"item\":\"https:\/\/diamundialdobanheiro.org.br\/\"},{\"@type\":\"ListItem\",\"position\":2,\"name\":\"Iniciativas e Solu\\u00e7\\u00f5es\"}]}]}<\/script>\n<!-- \/ Yoast SEO plugin. -->","yoast_head_json":{"title":"Iniciativas e Solu\u00e7\u00f5es | Dia Mundial do Banheiro - Um Lugar de Paz","description":"A webs\u00e9rie Saneamento tem Solu\u00e7\u00e3o leva o espectador por um tour pelo mundo do saneamento b\u00e1sico, destacando desafios e solu\u00e7\u00f5es inovadoras.","robots":{"index":"index","follow":"follow","max-snippet":"max-snippet:-1","max-image-preview":"max-image-preview:large","max-video-preview":"max-video-preview:-1"},"canonical":"https:\/\/diamundialdobanheiro.org.br\/iniciativas-e-solucoes\/","twitter_misc":{"Est. tempo de leitura":"3 minutos"},"schema":{"@context":"https:\/\/schema.org","@graph":[{"@type":"Organization","@id":"https:\/\/diamundialdobanheiro.org.br\/#organization","name":"Dia Mundial do Banheiro - Um Lugar de Paz","url":"https:\/\/diamundialdobanheiro.org.br\/","sameAs":["https:\/\/www.facebook.com\/aguaesaneamento\/","https:\/\/www.instagram.com\/aguaesaneamento_\/","https:\/\/www.youtube.com\/channel\/UCkgrqEeqVC-kOcAjkkGwdQA","https:\/\/twitter.com\/aguaesaneamento"],"logo":{"@type":"ImageObject","@id":"https:\/\/diamundialdobanheiro.org.br\/#logo","inLanguage":"pt-BR","url":"https:\/\/diamundialdobanheiro.org.br\/wp-content\/uploads\/sites\/4\/2024\/10\/Yoast-default-page-image-1200x675-1.png","contentUrl":"https:\/\/diamundialdobanheiro.org.br\/wp-content\/uploads\/sites\/4\/2024\/10\/Yoast-default-page-image-1200x675-1.png","width":1200,"height":675,"caption":"Dia Mundial do Banheiro - Um Lugar de Paz"},"image":{"@id":"https:\/\/diamundialdobanheiro.org.br\/#logo"}},{"@type":"WebSite","@id":"https:\/\/diamundialdobanheiro.org.br\/#website","url":"https:\/\/diamundialdobanheiro.org.br\/","name":"Dia Mundial do Banheiro - Um Lugar de Paz","description":"O IAS promove o Dia Mundial do Banheiro no Brasil desde 2020, junto com diversos parceiros. Nossa miss\u00e3o \u00e9 somar esfor\u00e7os para garantir a universaliza\u00e7\u00e3o do saneamento no pa\u00eds","publisher":{"@id":"https:\/\/diamundialdobanheiro.org.br\/#organization"},"potentialAction":[{"@type":"SearchAction","target":{"@type":"EntryPoint","urlTemplate":"https:\/\/diamundialdobanheiro.org.br\/?s={search_term_string}"},"query-input":"required name=search_term_string"}],"inLanguage":"pt-BR"},{"@type":"ImageObject","@id":"https:\/\/diamundialdobanheiro.org.br\/iniciativas-e-solucoes\/#primaryimage","inLanguage":"pt-BR","url":"https:\/\/diamundialdobanheiro.org.br\/wp-content\/uploads\/sites\/4\/2024\/10\/Yoast-default-page-image-1200x675-1.png","contentUrl":"https:\/\/diamundialdobanheiro.org.br\/wp-content\/uploads\/sites\/4\/2024\/10\/Yoast-default-page-image-1200x675-1.png","width":1200,"height":675},{"@type":"WebPage","@id":"https:\/\/diamundialdobanheiro.org.br\/iniciativas-e-solucoes\/#webpage","url":"https:\/\/diamundialdobanheiro.org.br\/iniciativas-e-solucoes\/","name":"Iniciativas e Solu\u00e7\u00f5es | Dia Mundial do Banheiro - Um Lugar de Paz","isPartOf":{"@id":"https:\/\/diamundialdobanheiro.org.br\/#website"},"primaryImageOfPage":{"@id":"https:\/\/diamundialdobanheiro.org.br\/iniciativas-e-solucoes\/#primaryimage"},"datePublished":"2024-10-22T20:04:03+00:00","dateModified":"2024-11-29T05:23:20+00:00","description":"A webs\u00e9rie Saneamento tem Solu\u00e7\u00e3o leva o espectador por um tour pelo mundo do saneamento b\u00e1sico, destacando desafios e solu\u00e7\u00f5es inovadoras.","breadcrumb":{"@id":"https:\/\/diamundialdobanheiro.org.br\/iniciativas-e-solucoes\/#breadcrumb"},"inLanguage":"pt-BR","potentialAction":[{"@type":"ReadAction","target":["https:\/\/diamundialdobanheiro.org.br\/iniciativas-e-solucoes\/"]}]},{"@type":"BreadcrumbList","@id":"https:\/\/diamundialdobanheiro.org.br\/iniciativas-e-solucoes\/#breadcrumb","itemListElement":[{"@type":"ListItem","position":1,"name":"In\u00edcio","item":"https:\/\/diamundialdobanheiro.org.br\/"},{"@type":"ListItem","position":2,"name":"Iniciativas e Solu\u00e7\u00f5es"}]}]}},"_links":{"self":[{"href":"https:\/\/diamundialdobanheiro.org.br\/wp-json\/wp\/v2\/pages\/1306"}],"collection":[{"href":"https:\/\/diamundialdobanheiro.org.br\/wp-json\/wp\/v2\/pages"}],"about":[{"href":"https:\/\/diamundialdobanheiro.org.br\/wp-json\/wp\/v2\/types\/page"}],"author":[{"embeddable":true,"href":"https:\/\/diamundialdobanheiro.org.br\/wp-json\/wp\/v2\/users\/1"}],"replies":[{"embeddable":true,"href":"https:\/\/diamundialdobanheiro.org.br\/wp-json\/wp\/v2\/comments?post=1306"}],"version-history":[{"count":45,"href":"https:\/\/diamundialdobanheiro.org.br\/wp-json\/wp\/v2\/pages\/1306\/revisions"}],"predecessor-version":[{"id":1663,"href":"https:\/\/diamundialdobanheiro.org.br\/wp-json\/wp\/v2\/pages\/1306\/revisions\/1663"}],"wp:featuredmedia":[{"embeddable":true,"href":"https:\/\/diamundialdobanheiro.org.br\/wp-json\/wp\/v2\/media\/1444"}],"wp:attachment":[{"href":"https:\/\/diamundialdobanheiro.org.br\/wp-json\/wp\/v2\/media?parent=1306"}],"curies":[{"name":"wp","href":"https:\/\/api.w.org\/{rel}","templated":true}]}}